{"id":227,"date":"2018-08-14T12:00:06","date_gmt":"2018-08-14T10:00:06","guid":{"rendered":"http:\/\/www.hotelpausania.it\/zimmer\/"},"modified":"2020-05-20T11:10:29","modified_gmt":"2020-05-20T09:10:29","slug":"zimmer","status":"publish","type":"page","link":"https:\/\/www.hotelpausania.it\/de\/zimmer\/","title":{"rendered":"Zimmer"},"content":{"rendered":"<div class=\"wpb-content-wrapper\"><p>[vc_row css_animation=&#8220;&#8220; row_type=&#8220;row&#8220; use_row_as_full_screen_section=&#8220;no&#8220; type=&#8220;full_width&#8220; angled_section=&#8220;no&#8220; text_align=&#8220;left&#8220; background_image_as_pattern=&#8220;without_pattern&#8220; z_index=&#8220;&#8220;][vc_column]\n\t\t\t<!-- START Camere REVOLUTION SLIDER 6.6.18 --><p class=\"rs-p-wp-fix\"><\/p>\n\t\t\t<rs-module-wrap id=\"rev_slider_2_1_wrapper\" data-source=\"gallery\" style=\"visibility:hidden;background:transparent;padding:0;margin:0px auto;margin-top:0;margin-bottom:0;\">\n\t\t\t\t<rs-module id=\"rev_slider_2_1\" style=\"\" data-version=\"6.6.18\">\n\t\t\t\t\t<rs-slides style=\"overflow: hidden; position: absolute;\">\n\t\t\t\t\t\t<rs-slide style=\"position: absolute;\" data-key=\"rs-21\" data-title=\"Slide\" data-anim=\"adpr:false;\">\n\t\t\t\t\t\t\t<img decoding=\"async\" src=\"\/\/www.hotelpausania.it\/wp-content\/plugins\/revslider\/public\/assets\/assets\/dummy.png\" alt=\"\" title=\"Zimmer\" class=\"rev-slidebg tp-rs-img rs-lazyload\" data-lazyload=\"\/\/www.hotelpausania.it\/wp-content\/uploads\/2019\/12\/202.1.jpg\" data-no-retina>\n<!---->\t\t\t\t\t\t<\/rs-slide>\n\t\t\t\t\t<\/rs-slides>\n\t\t\t\t<\/rs-module>\n\t\t\t\t<script>\n\t\t\t\t\tsetREVStartSize({c: 'rev_slider_2_1',rl:[1240,1024,778,480],el:[],gw:[1240,1024,778,480],gh:[650,500,350,300],type:'standard',justify:'',layout:'fullwidth',mh:\"0\"});if (window.RS_MODULES!==undefined && window.RS_MODULES.modules!==undefined && window.RS_MODULES.modules[\"revslider21\"]!==undefined) {window.RS_MODULES.modules[\"revslider21\"].once = false;window.revapi2 = undefined;if (window.RS_MODULES.checkMinimal!==undefined) window.RS_MODULES.checkMinimal()}\n\t\t\t\t<\/script>\n\t\t\t<\/rs-module-wrap>\n\t\t\t<!-- END REVOLUTION SLIDER -->\n[\/vc_column][\/vc_row][vc_row css_animation=&#8220;&#8220; row_type=&#8220;row&#8220; use_row_as_full_screen_section=&#8220;no&#8220; type=&#8220;grid&#8220; angled_section=&#8220;no&#8220; text_align=&#8220;left&#8220; background_image_as_pattern=&#8220;without_pattern&#8220; padding_top=&#8220;50&#8243; padding_bottom=&#8220;50&#8243; z_index=&#8220;&#8220;][vc_column][vc_column_text]<\/p>\n<h1 style=\"text-align: center;\">Zimmer<\/h1>\n<p>[\/vc_column_text][\/vc_column][\/vc_row][vc_row css_animation=&#8220;&#8220; row_type=&#8220;row&#8220; use_row_as_full_screen_section=&#8220;no&#8220; type=&#8220;grid&#8220; angled_section=&#8220;no&#8220; text_align=&#8220;left&#8220; background_image_as_pattern=&#8220;without_pattern&#8220; padding_bottom=&#8220;40&#8243; z_index=&#8220;&#8220;][vc_column][qode_elements_holder number_of_columns=&#8220;two_columns&#8220;][qode_elements_holder_item item_padding=&#8220;20px 20px 20px 20px&#8220; vertical_alignment=&#8220;middle&#8220; advanced_animations=&#8220;no&#8220;][vc_column_text]Das Hotel bietet mehrere Zimmerkategorien zur Verf\u00fcgung, von den Standard-Zimmern zu den Superior-Zimmern mit Blick auf den Kanal f\u00fcr anspruchsvollere Kunden, bis hin zu den gro\u00dfz\u00fcgigen Familienzimmern.<br \/>\nAlle unsere 24 Zimmer sind im venezianischen Stil gehalten, mit Geschmack und Eleganz eingerichtet und haben ein eigenes Bad mit Wanne\/Dusche, Haartrockner und Beauty-Prodkten, Kleiderschrank, Telefon, WIFI, Safe, Sat-TV, Schreibtisch, Wasserkocher mit breiter Auswahl an Tee und Kaffee, Minibar, eigne Klimaanlage und Heizung im Zimmer, Doppel- oder Einzelbetten und auf Anfrage ein kostenlose Kinderbett f\u00fcr Ihr Kind bis 2 Jahre (nach vorheriger Anfrage an der Rezeption).[\/vc_column_text][\/qode_elements_holder_item][qode_elements_holder_item item_padding=&#8220;20px 20px 20px 20px&#8220; vertical_alignment=&#8220;middle&#8220; advanced_animations=&#8220;no&#8220;][vc_gallery interval=&#8220;3&#8243; images=&#8220;89,95,91,70,64&#8243; img_size=&#8220;600&#215;450&#8243;][\/qode_elements_holder_item][\/qode_elements_holder][\/vc_column][\/vc_row][vc_row css_animation=&#8220;&#8220; row_type=&#8220;row&#8220; use_row_as_full_screen_section=&#8220;no&#8220; type=&#8220;grid&#8220; angled_section=&#8220;no&#8220; text_align=&#8220;left&#8220; background_image_as_pattern=&#8220;without_pattern&#8220; background_color=&#8220;#eaeaea&#8220; padding_top=&#8220;40&#8243; padding_bottom=&#8220;40&#8243; z_index=&#8220;&#8220;][vc_column][qode_elements_holder number_of_columns=&#8220;two_columns&#8220;][qode_elements_holder_item item_padding=&#8220;20px 20px 20px 20px&#8220; vertical_alignment=&#8220;middle&#8220; advanced_animations=&#8220;no&#8220;][vc_column_text]<\/p>\n<h2 style=\"text-align: left;\">EINZELZIMMER<\/h2>\n<p>[\/vc_column_text][vc_empty_space height=&#8220;20px&#8220;][vc_column_text]Gem\u00fctliches Zimmer von etwa 10 Quadratmetern mit allem Komfort ausgestattet mit individuellem Bett (80 X 190 cm) und eigenem Bad mit Wanne \/ Dusche mit F\u00f6n und H\u00f6flichkeitslinie, Kleiderschrank, Telefon, WIFI, Safe, Sat-TV, Schreibtisch, Wasserkocher mit erweitert Auswahl an Tee und Kaffee, Minibar, unabh\u00e4ngige Klimaanlage und Heizung.[\/vc_column_text][\/qode_elements_holder_item][qode_elements_holder_item item_padding=&#8220;20px 20px 20px 20px&#8220; vertical_alignment=&#8220;middle&#8220; advanced_animations=&#8220;no&#8220;][vc_gallery interval=&#8220;0&#8243; images=&#8220;68,69&#8243; img_size=&#8220;600&#215;400&#8243; onclick=&#8220;img_link_large&#8220;][\/qode_elements_holder_item][\/qode_elements_holder][\/vc_column][\/vc_row][vc_row css_animation=&#8220;&#8220; row_type=&#8220;row&#8220; use_row_as_full_screen_section=&#8220;no&#8220; type=&#8220;grid&#8220; angled_section=&#8220;no&#8220; text_align=&#8220;left&#8220; background_image_as_pattern=&#8220;without_pattern&#8220; padding_top=&#8220;40&#8243; padding_bottom=&#8220;40&#8243; z_index=&#8220;&#8220;][vc_column][qode_elements_holder number_of_columns=&#8220;two_columns&#8220;][qode_elements_holder_item item_padding=&#8220;20px 20px 20px 20px&#8220; vertical_alignment=&#8220;middle&#8220; advanced_animations=&#8220;no&#8220;][vc_gallery interval=&#8220;0&#8243; images=&#8220;91,90,92,93,94&#8243; img_size=&#8220;600&#215;400&#8243; onclick=&#8220;img_link_large&#8220;][\/qode_elements_holder_item][qode_elements_holder_item item_padding=&#8220;20px 20px 20px 20px&#8220; vertical_alignment=&#8220;middle&#8220; advanced_animations=&#8220;no&#8220;][vc_column_text]<\/p>\n<h2 style=\"text-align: right;\">STANDARD DOPPELZIMMER<\/h2>\n<p>[\/vc_column_text][vc_empty_space height=&#8220;20px&#8220;][vc_column_text]<\/p>\n<p style=\"text-align: right;\">Gem\u00fctliches Zimmer von etwa 14 Quadratmetern mit allem Komfort ausgestattet mit Doppelbett (160 x 190 cm) oder auf Anfrage, zwei getrennte Betten (80 x 190 cm) und eigenem Bad mit Wanne \/ Dusche mit F\u00f6n und H\u00f6flichkeitslinie, Garderobe, Telefon, WIFI, Safe, Sat-TV, Schreibtisch, Wasserkocher mit einer gro\u00dfen Auswahl an Tee und Kaffee, Minibar, unabh\u00e4ngige Klimaanlage und Heizung.<\/p>\n<p>[\/vc_column_text][\/qode_elements_holder_item][\/qode_elements_holder][\/vc_column][\/vc_row][vc_row css_animation=&#8220;&#8220; row_type=&#8220;row&#8220; use_row_as_full_screen_section=&#8220;no&#8220; type=&#8220;grid&#8220; angled_section=&#8220;no&#8220; text_align=&#8220;left&#8220; background_image_as_pattern=&#8220;without_pattern&#8220; background_color=&#8220;#eaeaea&#8220; padding_top=&#8220;40&#8243; padding_bottom=&#8220;40&#8243; z_index=&#8220;&#8220;][vc_column][qode_elements_holder number_of_columns=&#8220;two_columns&#8220;][qode_elements_holder_item item_padding=&#8220;20px 20px 20px 20px&#8220; vertical_alignment=&#8220;middle&#8220; advanced_animations=&#8220;no&#8220;][vc_column_text]<\/p>\n<h2 style=\"text-align: left;\">SUPERIOR DOPPELZIMMER<\/h2>\n<p>[\/vc_column_text][vc_empty_space height=&#8220;20px&#8220;][vc_column_text]Gem\u00fctliches Zimmer von etwa 17 Quadratmetern mit Blick auf unseren privaten Garten oder den Eingangshof mit allem Komfort mit Doppelbett (160 x 190 cm) oder auf Anfrage, zwei getrennte Betten (80 x 190 cm) und eigenem Bad mit Bad \/ Dusche, Haartrockner und Toilettenartikel, Kleiderschrank, Telefon, WIFI, Safe, Sat-TV, Schreibtisch, Wasserkocher mit einer gro\u00dfen Auswahl an Tee und Kaffee, Minibar, unabh\u00e4ngige Klimaanlage und Heizung. M\u00f6glichkeit, ein kostenloses Kinderbett f\u00fcr Ihr Kind bis zu 2 Jahren auf Anfrage an der Rezeption zu beantragen.[\/vc_column_text][\/qode_elements_holder_item][qode_elements_holder_item item_padding=&#8220;20px 20px 20px 20px&#8220; vertical_alignment=&#8220;middle&#8220; advanced_animations=&#8220;no&#8220;][vc_gallery interval=&#8220;0&#8243; images=&#8220;58,95,59,61,62,60,63&#8243; img_size=&#8220;600&#215;400&#8243; onclick=&#8220;img_link_large&#8220;][\/qode_elements_holder_item][\/qode_elements_holder][\/vc_column][\/vc_row][vc_row css_animation=&#8220;&#8220; row_type=&#8220;row&#8220; use_row_as_full_screen_section=&#8220;no&#8220; type=&#8220;grid&#8220; angled_section=&#8220;no&#8220; text_align=&#8220;left&#8220; background_image_as_pattern=&#8220;without_pattern&#8220; padding_top=&#8220;40&#8243; padding_bottom=&#8220;40&#8243; z_index=&#8220;&#8220;][vc_column][qode_elements_holder number_of_columns=&#8220;two_columns&#8220;][qode_elements_holder_item item_padding=&#8220;20px 20px 20px 20px&#8220; vertical_alignment=&#8220;middle&#8220; advanced_animations=&#8220;no&#8220;][vc_gallery interval=&#8220;0&#8243; images=&#8220;89,88&#8243; img_size=&#8220;600&#215;400&#8243; onclick=&#8220;img_link_large&#8220;][\/qode_elements_holder_item][qode_elements_holder_item item_padding=&#8220;20px 20px 20px 20px&#8220; vertical_alignment=&#8220;middle&#8220; advanced_animations=&#8220;no&#8220;][vc_column_text]<\/p>\n<h2 style=\"text-align: right;\">DZ DELUXE MIT AUSSICHT<\/h2>\n<p>[\/vc_column_text][vc_empty_space height=&#8220;20px&#8220;][vc_column_text]<br \/>\nGem\u00fctliches Zimmer von 17 Quadratmetern mit Blick auf den charakteristischen Rio di San Barnaba, ausgestattet mit allem Komfort mit Doppelbett (160 x 190 cm) oder, auf Wunsch, zwei getrennte Betten (80 x 190 cm) und eigenem Bad mit Wanne \/ Dusche , Haartrockner und Toilettenartikel, Kleiderschrank, Telefon, WIFI, Safe, Sat-TV, Schreibtisch, Wasserkocher mit einer gro\u00dfen Auswahl an Tee und Kaffee, Minibar, unabh\u00e4ngige Klimaanlage und Heizung. M\u00f6glichkeit, ein kostenloses Kinderbett f\u00fcr Ihr Kind bis zu 2 Jahren auf Anfrage an der Rezeption zu beantragen.<br \/>\n[\/vc_column_text][\/qode_elements_holder_item][\/qode_elements_holder][\/vc_column][\/vc_row][vc_row css_animation=&#8220;&#8220; row_type=&#8220;row&#8220; use_row_as_full_screen_section=&#8220;no&#8220; type=&#8220;grid&#8220; angled_section=&#8220;no&#8220; text_align=&#8220;left&#8220; background_image_as_pattern=&#8220;without_pattern&#8220; background_color=&#8220;#eaeaea&#8220; padding_top=&#8220;40&#8243; padding_bottom=&#8220;40&#8243; z_index=&#8220;&#8220;][vc_column][qode_elements_holder number_of_columns=&#8220;two_columns&#8220;][qode_elements_holder_item item_padding=&#8220;20px 20px 20px 20px&#8220; vertical_alignment=&#8220;middle&#8220; advanced_animations=&#8220;no&#8220;][vc_column_text]<\/p>\n<h2 style=\"text-align: left;\">DREIBETTZIMMER<\/h2>\n<p>[\/vc_column_text][vc_empty_space height=&#8220;20px&#8220;][vc_column_text]Gem\u00fctliches Zimmer von ca. 19 qm mit Blick auf unseren privaten Garten oder den Eingangsbereich mit allem Komfort mit Doppelbett (160 x 190 cm) und Einzelbett (80 x 190 cm) oder, auf Wunsch, drei getrennten Betten ( 80 x 190 cm) und eigenem Bad mit Wanne \/ Dusche, Haartrockner und Pflegelinie, Kleiderschrank, Telefon, WIFI, Safe, Sat-TV, Schreibtisch, Wasserkocher mit einer gro\u00dfen Auswahl an Tee und Kaffee, Minibar, unabh\u00e4ngige Klimaanlage und Heizung. M\u00f6glichkeit, ein kostenloses Kinderbett f\u00fcr Ihr Kind bis zu 2 Jahren auf Anfrage an der Rezeption zu beantragen.[\/vc_column_text][\/qode_elements_holder_item][qode_elements_holder_item item_padding=&#8220;20px 20px 20px 20px&#8220; vertical_alignment=&#8220;middle&#8220; advanced_animations=&#8220;no&#8220;][vc_gallery interval=&#8220;0&#8243; images=&#8220;70,71&#8243; img_size=&#8220;600&#215;400&#8243; onclick=&#8220;img_link_large&#8220;][\/qode_elements_holder_item][\/qode_elements_holder][\/vc_column][\/vc_row][vc_row css_animation=&#8220;&#8220; row_type=&#8220;row&#8220; use_row_as_full_screen_section=&#8220;no&#8220; type=&#8220;grid&#8220; angled_section=&#8220;no&#8220; text_align=&#8220;left&#8220; background_image_as_pattern=&#8220;without_pattern&#8220; padding_top=&#8220;40&#8243; padding_bottom=&#8220;40&#8243; z_index=&#8220;&#8220;][vc_column][qode_elements_holder number_of_columns=&#8220;two_columns&#8220;][qode_elements_holder_item item_padding=&#8220;20px 20px 20px 20px&#8220; vertical_alignment=&#8220;middle&#8220; advanced_animations=&#8220;no&#8220;][vc_gallery interval=&#8220;0&#8243; images=&#8220;64,65,67,66&#8243; img_size=&#8220;400&#215;300&#8243;][\/qode_elements_holder_item][qode_elements_holder_item item_padding=&#8220;20px 20px 20px 20px&#8220; vertical_alignment=&#8220;middle&#8220; advanced_animations=&#8220;no&#8220;][vc_column_text]<\/p>\n<h2 style=\"text-align: right;\">VIERBETTZIMMER<\/h2>\n<p>[\/vc_column_text][vc_empty_space height=&#8220;20px&#8220;][vc_column_text]<\/p>\n<p style=\"text-align: right;\">Gem\u00fctliches Zimmer von etwa 23 Quadratmetern mit Blick auf unseren privaten Garten mit allem Komfort mit Doppelbett (160 x 190 cm) und 2 Einzelbetten (80 x 190 cm) oder vier Einzelbetten ( 80 X 190 cm) auf Anfrage, sowie mit eigenem Bad mit Wanne\/Dusche, Haartrockner und Beauty-Produkten, Kleiderschrank, Telefon, WIFI, Safe, Sat-TV, Schreibtisch, Wasserkocher mit breiter Auswahl an Tee und Kaffee, Minibar, eigne Klimaanlage und Heizung im Zimmer, auf Anfrage ein kostenlose Kinderbett f\u00fcr Ihr Kind bis 2 Jahre (nach vorheriger Anfrage an der Rezeption).<\/p>\n<p>[\/vc_column_text][\/qode_elements_holder_item][\/qode_elements_holder][\/vc_column][\/vc_row]<\/p>\n<\/div>","protected":false},"excerpt":{"rendered":"<p>[vc_row css_animation=&#8220;&#8220; row_type=&#8220;row&#8220; use_row_as_full_screen_section=&#8220;no&#8220; type=&#8220;full_width&#8220; angled_section=&#8220;no&#8220; text_align=&#8220;left&#8220; background_image_as_pattern=&#8220;without_pattern&#8220; z_index=&#8220;&#8220;][vc_column][\/vc_column][\/vc_row][vc_row css_animation=&#8220;&#8220; row_type=&#8220;row&#8220; use_row_as_full_screen_section=&#8220;no&#8220; type=&#8220;grid&#8220; angled_section=&#8220;no&#8220; text_align=&#8220;left&#8220; background_image_as_pattern=&#8220;without_pattern&#8220; padding_top=&#8220;50&#8243; padding_bottom=&#8220;50&#8243; z_index=&#8220;&#8220;][vc_column][vc_column_text] Zimmer [\/vc_column_text][\/vc_column][\/vc_row][vc_row css_animation=&#8220;&#8220; row_type=&#8220;row&#8220; use_row_as_full_screen_section=&#8220;no&#8220; type=&#8220;grid&#8220; angled_section=&#8220;no&#8220; text_align=&#8220;left&#8220; background_image_as_pattern=&#8220;without_pattern&#8220; padding_bottom=&#8220;40&#8243; z_index=&#8220;&#8220;][vc_column][qode_elements_holder number_of_columns=&#8220;two_columns&#8220;][qode_elements_holder_item item_padding=&#8220;20px 20px 20px 20px&#8220; vertical_alignment=&#8220;middle&#8220; advanced_animations=&#8220;no&#8220;][vc_column_text]Das Hotel bietet mehrere Zimmerkategorien zur Verf\u00fcgung, von den&#8230;<\/p>\n","protected":false},"author":1,"featured_media":0,"parent":0,"menu_order":0,"comment_status":"closed","ping_status":"closed","template":"full_width.php","meta":{"footnotes":""},"class_list":["post-227","page","type-page","status-publish","hentry"],"aioseo_notices":[],"_links":{"self":[{"href":"https:\/\/www.hotelpausania.it\/de\/wp-json\/wp\/v2\/pages\/227","targetHints":{"allow":["GET"]}}],"collection":[{"href":"https:\/\/www.hotelpausania.it\/de\/wp-json\/wp\/v2\/pages"}],"about":[{"href":"https:\/\/www.hotelpausania.it\/de\/wp-json\/wp\/v2\/types\/page"}],"author":[{"embeddable":true,"href":"https:\/\/www.hotelpausania.it\/de\/wp-json\/wp\/v2\/users\/1"}],"replies":[{"embeddable":true,"href":"https:\/\/www.hotelpausania.it\/de\/wp-json\/wp\/v2\/comments?post=227"}],"version-history":[{"count":2,"href":"https:\/\/www.hotelpausania.it\/de\/wp-json\/wp\/v2\/pages\/227\/revisions"}],"predecessor-version":[{"id":562,"href":"https:\/\/www.hotelpausania.it\/de\/wp-json\/wp\/v2\/pages\/227\/revisions\/562"}],"wp:attachment":[{"href":"https:\/\/www.hotelpausania.it\/de\/wp-json\/wp\/v2\/media?parent=227"}],"curies":[{"name":"wp","href":"https:\/\/api.w.org\/{rel}","templated":true}]}}