{"id":251,"date":"2018-08-14T14:27:26","date_gmt":"2018-08-14T12:27:26","guid":{"rendered":"http:\/\/www.hotelpausania.it\/home\/"},"modified":"2018-08-21T15:15:16","modified_gmt":"2018-08-21T13:15:16","slug":"home","status":"publish","type":"page","link":"https:\/\/www.hotelpausania.it\/de\/","title":{"rendered":"Home"},"content":{"rendered":"<div class=\"wpb-content-wrapper\"><p>[vc_row css_animation=&#8220;&#8220; row_type=&#8220;row&#8220; use_row_as_full_screen_section=&#8220;no&#8220; type=&#8220;full_width&#8220; angled_section=&#8220;no&#8220; text_align=&#8220;left&#8220; background_image_as_pattern=&#8220;without_pattern&#8220; z_index=&#8220;&#8220;][vc_column]\n\t\t\t<!-- START Home REVOLUTION SLIDER 6.6.18 --><p class=\"rs-p-wp-fix\"><\/p>\n\t\t\t<rs-module-wrap id=\"rev_slider_1_1_wrapper\" data-source=\"gallery\" style=\"visibility:hidden;background:transparent;padding:0;\">\n\t\t\t\t<rs-module id=\"rev_slider_1_1\" style=\"\" data-version=\"6.6.18\">\n\t\t\t\t\t<rs-slides style=\"overflow: hidden; position: absolute;\">\n\t\t\t\t\t\t<rs-slide style=\"position: absolute;\" data-key=\"rs-11\" data-title=\"Slide\" data-thumb=\"\/\/www.hotelpausania.it\/wp-content\/uploads\/2018\/04\/venezia_salute-100x50.jpg\" data-anim=\"adpr:false;\">\n\t\t\t\t\t\t\t<img decoding=\"async\" src=\"\/\/www.hotelpausania.it\/wp-content\/plugins\/revslider\/public\/assets\/assets\/dummy.png\" alt=\"\" title=\"Home\" class=\"rev-slidebg tp-rs-img rs-lazyload\" data-lazyload=\"\/\/www.hotelpausania.it\/wp-content\/uploads\/2018\/04\/venezia_salute.jpg\" data-no-retina>\n<!---->\t\t\t\t\t\t<\/rs-slide>\n\t\t\t\t\t\t<rs-slide style=\"position: absolute;\" data-key=\"rs-12\" data-title=\"Slide\" data-thumb=\"\/\/www.hotelpausania.it\/wp-content\/uploads\/2018\/04\/venezia_sgiorgio-100x50.jpg\" data-anim=\"adpr:false;\">\n\t\t\t\t\t\t\t<img decoding=\"async\" src=\"\/\/www.hotelpausania.it\/wp-content\/plugins\/revslider\/public\/assets\/assets\/dummy.png\" alt=\"\" title=\"Home\" class=\"rev-slidebg tp-rs-img rs-lazyload\" data-lazyload=\"\/\/www.hotelpausania.it\/wp-content\/uploads\/2018\/04\/venezia_sgiorgio.jpg\" data-no-retina>\n<!---->\t\t\t\t\t\t<\/rs-slide>\n\t\t\t\t\t\t<rs-slide style=\"position: absolute;\" data-key=\"rs-2\" data-title=\"Slide\" data-thumb=\"\/\/www.hotelpausania.it\/wp-content\/uploads\/2018\/03\/slider-1-100x50.jpg\" data-anim=\"adpr:false;\">\n\t\t\t\t\t\t\t<img decoding=\"async\" src=\"\/\/www.hotelpausania.it\/wp-content\/plugins\/revslider\/public\/assets\/assets\/dummy.png\" alt=\"\" title=\"Home\" class=\"rev-slidebg tp-rs-img rs-lazyload\" data-lazyload=\"\/\/www.hotelpausania.it\/wp-content\/uploads\/2018\/03\/slider-1.jpg\" data-no-retina>\n<!---->\t\t\t\t\t\t<\/rs-slide>\n\t\t\t\t\t\t<rs-slide style=\"position: absolute;\" data-key=\"rs-10\" data-title=\"Slide\" data-thumb=\"\/\/www.hotelpausania.it\/wp-content\/uploads\/2019\/12\/101.1-100x50.jpg\" data-anim=\"adpr:false;\">\n\t\t\t\t\t\t\t<img decoding=\"async\" src=\"\/\/www.hotelpausania.it\/wp-content\/plugins\/revslider\/public\/assets\/assets\/dummy.png\" alt=\"\" title=\"Home\" class=\"rev-slidebg tp-rs-img rs-lazyload\" data-lazyload=\"\/\/www.hotelpausania.it\/wp-content\/uploads\/2019\/12\/101.1.jpg\" data-no-retina>\n<!---->\t\t\t\t\t\t<\/rs-slide>\n\t\t\t\t\t\t<rs-slide style=\"position: absolute;\" data-key=\"rs-4\" data-title=\"Slide\" data-thumb=\"\/\/www.hotelpausania.it\/wp-content\/uploads\/2018\/03\/slider-3-100x50.jpg\" data-anim=\"adpr:false;\">\n\t\t\t\t\t\t\t<img decoding=\"async\" src=\"\/\/www.hotelpausania.it\/wp-content\/plugins\/revslider\/public\/assets\/assets\/dummy.png\" alt=\"\" title=\"Home\" class=\"rev-slidebg tp-rs-img rs-lazyload\" data-lazyload=\"\/\/www.hotelpausania.it\/wp-content\/uploads\/2018\/03\/slider-3.jpg\" data-no-retina>\n<!---->\t\t\t\t\t\t<\/rs-slide>\n\t\t\t\t\t\t<rs-slide style=\"position: absolute;\" data-key=\"rs-8\" data-title=\"Slide\" data-thumb=\"\/\/www.hotelpausania.it\/wp-content\/uploads\/2018\/03\/slider-7-100x50.jpg\" data-anim=\"adpr:false;\">\n\t\t\t\t\t\t\t<img decoding=\"async\" src=\"\/\/www.hotelpausania.it\/wp-content\/plugins\/revslider\/public\/assets\/assets\/dummy.png\" alt=\"\" title=\"Home\" class=\"rev-slidebg tp-rs-img rs-lazyload\" data-lazyload=\"\/\/www.hotelpausania.it\/wp-content\/uploads\/2018\/03\/slider-7.jpg\" data-no-retina>\n<!---->\t\t\t\t\t\t<\/rs-slide>\n\t\t\t\t\t\t<rs-slide style=\"position: absolute;\" data-key=\"rs-6\" data-title=\"Slide\" data-thumb=\"\/\/www.hotelpausania.it\/wp-content\/uploads\/2018\/03\/slider-5-100x50.jpg\" data-anim=\"adpr:false;\">\n\t\t\t\t\t\t\t<img decoding=\"async\" src=\"\/\/www.hotelpausania.it\/wp-content\/plugins\/revslider\/public\/assets\/assets\/dummy.png\" alt=\"\" title=\"Home\" class=\"rev-slidebg tp-rs-img rs-lazyload\" data-lazyload=\"\/\/www.hotelpausania.it\/wp-content\/uploads\/2018\/03\/slider-5.jpg\" data-no-retina>\n<!---->\t\t\t\t\t\t<\/rs-slide>\n\t\t\t\t\t\t<rs-slide style=\"position: absolute;\" data-key=\"rs-9\" data-title=\"Slide\" data-thumb=\"\/\/www.hotelpausania.it\/wp-content\/uploads\/2019\/12\/202.3-100x50.jpg\" data-anim=\"adpr:false;\">\n\t\t\t\t\t\t\t<img decoding=\"async\" src=\"\/\/www.hotelpausania.it\/wp-content\/plugins\/revslider\/public\/assets\/assets\/dummy.png\" alt=\"\" title=\"Home\" class=\"rev-slidebg tp-rs-img rs-lazyload\" data-lazyload=\"\/\/www.hotelpausania.it\/wp-content\/uploads\/2019\/12\/202.3.jpg\" data-no-retina>\n<!---->\t\t\t\t\t\t<\/rs-slide>\n\t\t\t\t\t\t<rs-slide style=\"position: absolute;\" data-key=\"rs-5\" data-title=\"Slide\" data-thumb=\"\/\/www.hotelpausania.it\/wp-content\/uploads\/2018\/03\/slider-4-100x50.jpg\" data-anim=\"adpr:false;\">\n\t\t\t\t\t\t\t<img decoding=\"async\" src=\"\/\/www.hotelpausania.it\/wp-content\/plugins\/revslider\/public\/assets\/assets\/dummy.png\" alt=\"\" title=\"Home\" class=\"rev-slidebg tp-rs-img rs-lazyload\" data-lazyload=\"\/\/www.hotelpausania.it\/wp-content\/uploads\/2018\/03\/slider-4.jpg\" data-no-retina>\n<!---->\t\t\t\t\t\t<\/rs-slide>\n\t\t\t\t\t\t<rs-slide style=\"position: absolute;\" data-key=\"rs-3\" data-title=\"Slide\" data-thumb=\"\/\/www.hotelpausania.it\/wp-content\/uploads\/2018\/03\/slider-2-100x50.jpg\" data-anim=\"adpr:false;\">\n\t\t\t\t\t\t\t<img decoding=\"async\" src=\"\/\/www.hotelpausania.it\/wp-content\/plugins\/revslider\/public\/assets\/assets\/dummy.png\" alt=\"\" title=\"Home\" class=\"rev-slidebg tp-rs-img rs-lazyload\" data-lazyload=\"\/\/www.hotelpausania.it\/wp-content\/uploads\/2018\/03\/slider-2.jpg\" data-no-retina>\n<!---->\t\t\t\t\t\t<\/rs-slide>\n\t\t\t\t\t\t<rs-slide style=\"position: absolute;\" data-key=\"rs-7\" data-title=\"Slide\" data-thumb=\"\/\/www.hotelpausania.it\/wp-content\/uploads\/2018\/03\/slider-6-100x50.jpg\" data-anim=\"adpr:false;\">\n\t\t\t\t\t\t\t<img decoding=\"async\" src=\"\/\/www.hotelpausania.it\/wp-content\/plugins\/revslider\/public\/assets\/assets\/dummy.png\" alt=\"\" title=\"Home\" class=\"rev-slidebg tp-rs-img rs-lazyload\" data-lazyload=\"\/\/www.hotelpausania.it\/wp-content\/uploads\/2018\/03\/slider-6.jpg\" data-no-retina>\n<!---->\t\t\t\t\t\t<\/rs-slide>\n\t\t\t\t\t<\/rs-slides>\n\t\t\t\t<\/rs-module>\n\t\t\t\t<script>\n\t\t\t\t\tsetREVStartSize({c: 'rev_slider_1_1',rl:[1240,1024,778,480],el:[],gw:[1240,1024,778,480],gh:[800,500,350,300],type:'standard',justify:'',layout:'fullscreen',offsetContainer:'',offset:'',mh:\"0\"});if (window.RS_MODULES!==undefined && window.RS_MODULES.modules!==undefined && window.RS_MODULES.modules[\"revslider11\"]!==undefined) {window.RS_MODULES.modules[\"revslider11\"].once = false;window.revapi1 = undefined;if (window.RS_MODULES.checkMinimal!==undefined) window.RS_MODULES.checkMinimal()}\n\t\t\t\t<\/script>\n\t\t\t<\/rs-module-wrap>\n\t\t\t<!-- END REVOLUTION SLIDER -->\n[\/vc_column][\/vc_row][vc_row css_animation=&#8220;&#8220; row_type=&#8220;row&#8220; use_row_as_full_screen_section=&#8220;no&#8220; type=&#8220;full_width&#8220; angled_section=&#8220;no&#8220; text_align=&#8220;left&#8220; background_image_as_pattern=&#8220;without_pattern&#8220; padding_top=&#8220;40&#8243; z_index=&#8220;&#8220;][vc_column][qode_elements_holder number_of_columns=&#8220;two_columns&#8220;][qode_elements_holder_item item_padding=&#8220;40px 60px 40px 60px&#8220; vertical_alignment=&#8220;middle&#8220; advanced_animations=&#8220;no&#8220;][vc_column_text]<\/p>\n<h2>Willkommen im Hotel Pausania<\/h2>\n<p>[\/vc_column_text][vc_empty_space height=&#8220;20px&#8220;][vc_column_text]Das historische Geb\u00e4ude aus dem 14. Jahrhundert war einst das Patrizierhaus einer venezianischen Adelsfamilie. Heute ist es ein elegantes Drei-Sterne-Hotel mit Atmosph\u00e4re und Charme. Es befindet sich in einer vorteilhaften Lage im Viertel Dorsoduro, einem der interessantesten und f\u00fcr Venedig typischsten Stadtteile.[\/vc_column_text][vc_empty_space height=&#8220;20px&#8220;]\n\n\t<a href=\"https:\/\/www.hotelpausania.it\/de\/lage\" target=\"_self\" style=\"color: #ffffff;background-color: #ac9460;font-size: 16px;font-weight: 400;text-transform: uppercase;letter-spacing: 1px\" class=\"qode-btn qode-btn-medium qode-btn-solid qode-btn-custom-hover-bg qode-btn-custom-hover-color qode-btn-with-shadow qode-btn-shadow-hover\" data-hover-bg-color=\"#9e8247\" data-hover-color=\"#ffffff\" >\n\t    <span class=\"qode-btn-text\">Entdecken Sie die Lage<\/span>\t<\/a>\n\n[\/qode_elements_holder_item][qode_elements_holder_item vertical_alignment=&#8220;middle&#8220; advanced_animations=&#8220;no&#8220;][vc_single_image image=&#8220;108&#8243; img_size=&#8220;950&#215;650&#8243; qode_css_animation=&#8220;&#8220;][\/qode_elements_holder_item][\/qode_elements_holder][\/vc_column][\/vc_row][vc_row css_animation=&#8220;&#8220; row_type=&#8220;row&#8220; use_row_as_full_screen_section=&#8220;no&#8220; type=&#8220;full_width&#8220; angled_section=&#8220;no&#8220; text_align=&#8220;left&#8220; background_image_as_pattern=&#8220;without_pattern&#8220; padding_bottom=&#8220;40&#8243; z_index=&#8220;&#8220;][vc_column][qode_elements_holder number_of_columns=&#8220;two_columns&#8220;][qode_elements_holder_item vertical_alignment=&#8220;middle&#8220; advanced_animations=&#8220;no&#8220;][vc_single_image image=&#8220;83&#8243; img_size=&#8220;950&#215;650&#8243; qode_css_animation=&#8220;&#8220;][\/qode_elements_holder_item][qode_elements_holder_item item_padding=&#8220;40px 60px 40px 60px&#8220; vertical_alignment=&#8220;middle&#8220; advanced_animations=&#8220;no&#8220;][vc_column_text]<\/p>\n<h2>Das Hotel<\/h2>\n<p>[\/vc_column_text][vc_empty_space height=&#8220;20px&#8220;][vc_column_text]Das Hotel bietet mehrere Zimmerkategorien zur Verf\u00fcgung, von den Standard-Zimmern zu den Superior-Zimmern mit Blick auf den Kanal f\u00fcr anspruchsvollere Kunden, bis hin zu den gro\u00dfz\u00fcgigen Familienzimmern.<br \/>\nAlle unsere 24 Zimmer sind im venezianischen Stil gehalten, mit Geschmack und Eleganz eingerichtet und haben ein eigenes Bad mit Wanne\/Dusche, Haartrockner und Beauty-Prodkten, Kleiderschrank, Telefon, WIFI, Safe, Sat-TV, Schreibtisch, Wasserkocher mit breiter Auswahl an Tee und Kaffee, Minibar, eigne Klimaanlage und Heizung im Zimmer, Doppel- oder Einzelbetten und auf Anfrage ein kostenlose Kinderbett f\u00fcr Ihr Kind bis 2 Jahre (nach vorheriger Anfrage an der Rezeption).[\/vc_column_text][vc_empty_space height=&#8220;20px&#8220;]\n\n\t<a href=\"https:\/\/www.hotelpausania.it\/de\/zimmer\/\" target=\"_self\" style=\"color: #ffffff;background-color: #ac9460;font-size: 16px;font-weight: 400;text-transform: uppercase;letter-spacing: 1px\" class=\"qode-btn qode-btn-medium qode-btn-solid qode-btn-custom-hover-bg qode-btn-custom-hover-color qode-btn-with-shadow qode-btn-shadow-hover\" data-hover-bg-color=\"#9e8247\" data-hover-color=\"#ffffff\" >\n\t    <span class=\"qode-btn-text\">Siehe die Zimmer<\/span>\t<\/a>\n\n[\/qode_elements_holder_item][\/qode_elements_holder][\/vc_column][\/vc_row]<\/p>\n<\/div>","protected":false},"excerpt":{"rendered":"<p>[vc_row css_animation=&#8220;&#8220; row_type=&#8220;row&#8220; use_row_as_full_screen_section=&#8220;no&#8220; type=&#8220;full_width&#8220; angled_section=&#8220;no&#8220; text_align=&#8220;left&#8220; background_image_as_pattern=&#8220;without_pattern&#8220; z_index=&#8220;&#8220;][vc_column][\/vc_column][\/vc_row][vc_row css_animation=&#8220;&#8220; row_type=&#8220;row&#8220; use_row_as_full_screen_section=&#8220;no&#8220; type=&#8220;full_width&#8220; angled_section=&#8220;no&#8220; text_align=&#8220;left&#8220; background_image_as_pattern=&#8220;without_pattern&#8220; padding_top=&#8220;40&#8243; z_index=&#8220;&#8220;][vc_column][qode_elements_holder number_of_columns=&#8220;two_columns&#8220;][qode_elements_holder_item item_padding=&#8220;40px 60px 40px 60px&#8220; vertical_alignment=&#8220;middle&#8220; advanced_animations=&#8220;no&#8220;][vc_column_text] Willkommen im Hotel Pausania [\/vc_column_text][vc_empty_space height=&#8220;20px&#8220;][vc_column_text]Das historische Geb\u00e4ude aus dem 14. Jahrhundert war einst das Patrizierhaus einer venezianischen Adelsfamilie. Heute&#8230;<\/p>\n","protected":false},"author":1,"featured_media":0,"parent":0,"menu_order":0,"comment_status":"closed","ping_status":"closed","template":"full_width.php","meta":{"footnotes":""},"class_list":["post-251","page","type-page","status-publish","hentry"],"aioseo_notices":[],"_links":{"self":[{"href":"https:\/\/www.hotelpausania.it\/de\/wp-json\/wp\/v2\/pages\/251","targetHints":{"allow":["GET"]}}],"collection":[{"href":"https:\/\/www.hotelpausania.it\/de\/wp-json\/wp\/v2\/pages"}],"about":[{"href":"https:\/\/www.hotelpausania.it\/de\/wp-json\/wp\/v2\/types\/page"}],"author":[{"embeddable":true,"href":"https:\/\/www.hotelpausania.it\/de\/wp-json\/wp\/v2\/users\/1"}],"replies":[{"embeddable":true,"href":"https:\/\/www.hotelpausania.it\/de\/wp-json\/wp\/v2\/comments?post=251"}],"version-history":[{"count":2,"href":"https:\/\/www.hotelpausania.it\/de\/wp-json\/wp\/v2\/pages\/251\/revisions"}],"predecessor-version":[{"id":376,"href":"https:\/\/www.hotelpausania.it\/de\/wp-json\/wp\/v2\/pages\/251\/revisions\/376"}],"wp:attachment":[{"href":"https:\/\/www.hotelpausania.it\/de\/wp-json\/wp\/v2\/media?parent=251"}],"curies":[{"name":"wp","href":"https:\/\/api.w.org\/{rel}","templated":true}]}}