{"id":225,"date":"2018-08-14T11:56:53","date_gmt":"2018-08-14T09:56:53","guid":{"rendered":"http:\/\/www.hotelpausania.it\/chambres\/"},"modified":"2020-05-20T11:09:55","modified_gmt":"2020-05-20T09:09:55","slug":"chambres","status":"publish","type":"page","link":"https:\/\/www.hotelpausania.it\/fr\/chambres\/","title":{"rendered":"Chambres"},"content":{"rendered":"<div class=\"wpb-content-wrapper\"><p>[vc_row css_animation=\u00a0\u00bb\u00a0\u00bb row_type=\u00a0\u00bbrow\u00a0\u00bb use_row_as_full_screen_section=\u00a0\u00bbno\u00a0\u00bb type=\u00a0\u00bbfull_width\u00a0\u00bb angled_section=\u00a0\u00bbno\u00a0\u00bb text_align=\u00a0\u00bbleft\u00a0\u00bb background_image_as_pattern=\u00a0\u00bbwithout_pattern\u00a0\u00bb z_index=\u00a0\u00bb\u00a0\u00bb][vc_column]\n\t\t\t<!-- START Camere REVOLUTION SLIDER 6.6.18 --><p class=\"rs-p-wp-fix\"><\/p>\n\t\t\t<rs-module-wrap id=\"rev_slider_2_1_wrapper\" data-source=\"gallery\" style=\"visibility:hidden;background:transparent;padding:0;margin:0px auto;margin-top:0;margin-bottom:0;\">\n\t\t\t\t<rs-module id=\"rev_slider_2_1\" style=\"\" data-version=\"6.6.18\">\n\t\t\t\t\t<rs-slides style=\"overflow: hidden; position: absolute;\">\n\t\t\t\t\t\t<rs-slide style=\"position: absolute;\" data-key=\"rs-21\" data-title=\"Slide\" data-anim=\"adpr:false;\">\n\t\t\t\t\t\t\t<img decoding=\"async\" src=\"\/\/www.hotelpausania.it\/wp-content\/plugins\/revslider\/public\/assets\/assets\/dummy.png\" alt=\"\" title=\"Chambres\" class=\"rev-slidebg tp-rs-img rs-lazyload\" data-lazyload=\"\/\/www.hotelpausania.it\/wp-content\/uploads\/2019\/12\/202.1.jpg\" data-no-retina>\n<!---->\t\t\t\t\t\t<\/rs-slide>\n\t\t\t\t\t<\/rs-slides>\n\t\t\t\t<\/rs-module>\n\t\t\t\t<script>\n\t\t\t\t\tsetREVStartSize({c: 'rev_slider_2_1',rl:[1240,1024,778,480],el:[],gw:[1240,1024,778,480],gh:[650,500,350,300],type:'standard',justify:'',layout:'fullwidth',mh:\"0\"});if (window.RS_MODULES!==undefined && window.RS_MODULES.modules!==undefined && window.RS_MODULES.modules[\"revslider21\"]!==undefined) {window.RS_MODULES.modules[\"revslider21\"].once = false;window.revapi2 = undefined;if (window.RS_MODULES.checkMinimal!==undefined) window.RS_MODULES.checkMinimal()}\n\t\t\t\t<\/script>\n\t\t\t<\/rs-module-wrap>\n\t\t\t<!-- END REVOLUTION SLIDER -->\n[\/vc_column][\/vc_row][vc_row css_animation=\u00a0\u00bb\u00a0\u00bb row_type=\u00a0\u00bbrow\u00a0\u00bb use_row_as_full_screen_section=\u00a0\u00bbno\u00a0\u00bb type=\u00a0\u00bbgrid\u00a0\u00bb angled_section=\u00a0\u00bbno\u00a0\u00bb text_align=\u00a0\u00bbleft\u00a0\u00bb background_image_as_pattern=\u00a0\u00bbwithout_pattern\u00a0\u00bb padding_top=\u00a0\u00bb50&Prime; padding_bottom=\u00a0\u00bb50&Prime; z_index=\u00a0\u00bb\u00a0\u00bb][vc_column][vc_column_text]<\/p>\n<h1 style=\"text-align: center;\">Chambres<\/h1>\n<p>[\/vc_column_text][\/vc_column][\/vc_row][vc_row css_animation=\u00a0\u00bb\u00a0\u00bb row_type=\u00a0\u00bbrow\u00a0\u00bb use_row_as_full_screen_section=\u00a0\u00bbno\u00a0\u00bb type=\u00a0\u00bbgrid\u00a0\u00bb angled_section=\u00a0\u00bbno\u00a0\u00bb text_align=\u00a0\u00bbleft\u00a0\u00bb background_image_as_pattern=\u00a0\u00bbwithout_pattern\u00a0\u00bb padding_bottom=\u00a0\u00bb40&Prime; z_index=\u00a0\u00bb\u00a0\u00bb][vc_column][qode_elements_holder number_of_columns=\u00a0\u00bbtwo_columns\u00a0\u00bb][qode_elements_holder_item item_padding=\u00a0\u00bb20px 20px 20px 20px\u00a0\u00bb vertical_alignment=\u00a0\u00bbmiddle\u00a0\u00bb advanced_animations=\u00a0\u00bbno\u00a0\u00bb][vc_column_text]L\u2019H\u00f4tel propose plusieurs cat\u00e9gories d\u2019h\u00e9bergement allant des chambres individuelles aux chambres double sup\u00e9rieures or deluxe avec vue sur le canal qui r\u00e9pondront \u00e0 une client\u00e8le pus exigeante, sans oublier les spacieuses chambres familiales.<br \/>\nToutes nos 24 chambres sont meubl\u00e9es dans le style v\u00e9nitien avec go\u00fbt et \u00e9l\u00e9gance. Elles disposent d\u2019une salle de bains priv\u00e9e avec baignoire\/douche, d\u2019un s\u00e8che-cheveux, d\u2019un kit de courtoisie, d\u2019une armoire, d\u2019un t\u00e9l\u00e9phone, du Wi-Fi, d\u2019un coffre-fort, de la TV Satellite, d\u2019un bureau, d\u2019une bouilloire avec une s\u00e9lection de th\u00e9s et de caf\u00e9s, d\u2019un mini-bar, de l\u2019air conditionn\u00e9 et du chauffage individuels. Possibilit\u00e9 d\u2019un grand lit double ou de deux lits jumeaux et possibilit\u00e9 de demander l\u2019installation gratuite d\u2019un lit b\u00e9b\u00e9 (moins de 2 ans) sur demande pr\u00e9alable \u00e0 la r\u00e9ception.[\/vc_column_text][\/qode_elements_holder_item][qode_elements_holder_item item_padding=\u00a0\u00bb20px 20px 20px 20px\u00a0\u00bb vertical_alignment=\u00a0\u00bbmiddle\u00a0\u00bb advanced_animations=\u00a0\u00bbno\u00a0\u00bb][vc_gallery interval=\u00a0\u00bb3&Prime; images=\u00a0\u00bb89,95,91,70,64&Prime; img_size=\u00a0\u00bb600&#215;450&Prime;][\/qode_elements_holder_item][\/qode_elements_holder][\/vc_column][\/vc_row][vc_row css_animation=\u00a0\u00bb\u00a0\u00bb row_type=\u00a0\u00bbrow\u00a0\u00bb use_row_as_full_screen_section=\u00a0\u00bbno\u00a0\u00bb type=\u00a0\u00bbgrid\u00a0\u00bb angled_section=\u00a0\u00bbno\u00a0\u00bb text_align=\u00a0\u00bbleft\u00a0\u00bb background_image_as_pattern=\u00a0\u00bbwithout_pattern\u00a0\u00bb background_color=\u00a0\u00bb#eaeaea\u00a0\u00bb padding_top=\u00a0\u00bb40&Prime; padding_bottom=\u00a0\u00bb40&Prime; z_index=\u00a0\u00bb\u00a0\u00bb][vc_column][qode_elements_holder number_of_columns=\u00a0\u00bbtwo_columns\u00a0\u00bb][qode_elements_holder_item item_padding=\u00a0\u00bb20px 20px 20px 20px\u00a0\u00bb vertical_alignment=\u00a0\u00bbmiddle\u00a0\u00bb advanced_animations=\u00a0\u00bbno\u00a0\u00bb][vc_column_text]<\/p>\n<h2 style=\"text-align: left;\">CHAMBRE SIMPLE<\/h2>\n<p>[\/vc_column_text][vc_empty_space height=\u00a0\u00bb20px\u00a0\u00bb][vc_column_text]Chambre confortable d&rsquo;environ 10 m\u00e8tres carr\u00e9s \u00e9quip\u00e9e de tous conforts avec lit individuel (cm 80 X 190) et salle de bain priv\u00e9e avec baignoire \/ douche avec s\u00e8che-cheveux et ligne de courtoisie, armoire, t\u00e9l\u00e9phone, WIFI, coffre-fort, TV satellite, bureau, bouilloire avec s\u00e9lection de th\u00e9 et de caf\u00e9, minibar, climatisation et chauffage ind\u00e9pendants.[\/vc_column_text][\/qode_elements_holder_item][qode_elements_holder_item item_padding=\u00a0\u00bb20px 20px 20px 20px\u00a0\u00bb vertical_alignment=\u00a0\u00bbmiddle\u00a0\u00bb advanced_animations=\u00a0\u00bbno\u00a0\u00bb][vc_gallery interval=\u00a0\u00bb0&Prime; images=\u00a0\u00bb68,69&Prime; img_size=\u00a0\u00bb600&#215;400&Prime; onclick=\u00a0\u00bbimg_link_large\u00a0\u00bb][\/qode_elements_holder_item][\/qode_elements_holder][\/vc_column][\/vc_row][vc_row css_animation=\u00a0\u00bb\u00a0\u00bb row_type=\u00a0\u00bbrow\u00a0\u00bb use_row_as_full_screen_section=\u00a0\u00bbno\u00a0\u00bb type=\u00a0\u00bbgrid\u00a0\u00bb angled_section=\u00a0\u00bbno\u00a0\u00bb text_align=\u00a0\u00bbleft\u00a0\u00bb background_image_as_pattern=\u00a0\u00bbwithout_pattern\u00a0\u00bb padding_top=\u00a0\u00bb40&Prime; padding_bottom=\u00a0\u00bb40&Prime; z_index=\u00a0\u00bb\u00a0\u00bb][vc_column][qode_elements_holder number_of_columns=\u00a0\u00bbtwo_columns\u00a0\u00bb][qode_elements_holder_item item_padding=\u00a0\u00bb20px 20px 20px 20px\u00a0\u00bb vertical_alignment=\u00a0\u00bbmiddle\u00a0\u00bb advanced_animations=\u00a0\u00bbno\u00a0\u00bb][vc_gallery interval=\u00a0\u00bb0&Prime; images=\u00a0\u00bb91,90,92,93,94&Prime; img_size=\u00a0\u00bb600&#215;400&Prime; onclick=\u00a0\u00bbimg_link_large\u00a0\u00bb][\/qode_elements_holder_item][qode_elements_holder_item item_padding=\u00a0\u00bb20px 20px 20px 20px\u00a0\u00bb vertical_alignment=\u00a0\u00bbmiddle\u00a0\u00bb advanced_animations=\u00a0\u00bbno\u00a0\u00bb][vc_column_text]<\/p>\n<h2 style=\"text-align: right;\">CHAMBRE DOUBLE STANDARD<\/h2>\n<p>[\/vc_column_text][vc_empty_space height=\u00a0\u00bb20px\u00a0\u00bb][vc_column_text]<\/p>\n<p style=\"text-align: right;\">Chambre confortable d&rsquo;environ 14 m\u00e8tres carr\u00e9s \u00e9quip\u00e9e de tous conforts avec lit double (160 x 190 cm) ou, sur demande, deux lits s\u00e9par\u00e9s (80 x 190 cm) et salle de bain priv\u00e9e avec baignoire \/ douche avec s\u00e8che-cheveux et ligne de courtoisie, armoire, t\u00e9l\u00e9phone, WIFI, coffre-fort, TV satellite, bureau, bouilloire avec s\u00e9lection de th\u00e9 et caf\u00e9, minibar, climatisation et chauffage ind\u00e9pendants.<\/p>\n<p>[\/vc_column_text][\/qode_elements_holder_item][\/qode_elements_holder][\/vc_column][\/vc_row][vc_row css_animation=\u00a0\u00bb\u00a0\u00bb row_type=\u00a0\u00bbrow\u00a0\u00bb use_row_as_full_screen_section=\u00a0\u00bbno\u00a0\u00bb type=\u00a0\u00bbgrid\u00a0\u00bb angled_section=\u00a0\u00bbno\u00a0\u00bb text_align=\u00a0\u00bbleft\u00a0\u00bb background_image_as_pattern=\u00a0\u00bbwithout_pattern\u00a0\u00bb background_color=\u00a0\u00bb#eaeaea\u00a0\u00bb padding_top=\u00a0\u00bb40&Prime; padding_bottom=\u00a0\u00bb40&Prime; z_index=\u00a0\u00bb\u00a0\u00bb][vc_column][qode_elements_holder number_of_columns=\u00a0\u00bbtwo_columns\u00a0\u00bb][qode_elements_holder_item item_padding=\u00a0\u00bb20px 20px 20px 20px\u00a0\u00bb vertical_alignment=\u00a0\u00bbmiddle\u00a0\u00bb advanced_animations=\u00a0\u00bbno\u00a0\u00bb][vc_column_text]<\/p>\n<h2 style=\"text-align: left;\">CHAMBRE DOUBLE SUPERIEURE<\/h2>\n<p>[\/vc_column_text][vc_empty_space height=\u00a0\u00bb20px\u00a0\u00bb][vc_column_text]Chambre confortable d&rsquo;environ 17 m\u00e8tres carr\u00e9s donnant sur notre jardin priv\u00e9 ou notre cour d&rsquo;entr\u00e9e \u00e9quip\u00e9e de tous conforts avec lit double (160 x 190 cm) ou, en demandant, deux lits s\u00e9par\u00e9s (80 x 190 cm) et salle de bain priv\u00e9e avec baignoire \/ douche, s\u00e8che-cheveux et ligne de courtoisie, armoire, t\u00e9l\u00e9phone, WIFI, coffre-fort, TV satellite, bureau, bouilloire avec s\u00e9lection de th\u00e9 et de caf\u00e9, minibar, climatisation et chauffage ind\u00e9pendants. Possibilit\u00e9 de demander un lit b\u00e9b\u00e9 gratuit pour enfant jusqu&rsquo;\u00e0 2 ans en demandant \u00e0 la r\u00e9ception.[\/vc_column_text][\/qode_elements_holder_item][qode_elements_holder_item item_padding=\u00a0\u00bb20px 20px 20px 20px\u00a0\u00bb vertical_alignment=\u00a0\u00bbmiddle\u00a0\u00bb advanced_animations=\u00a0\u00bbno\u00a0\u00bb][vc_gallery interval=\u00a0\u00bb0&Prime; images=\u00a0\u00bb58,95,59,61,62,60,63&Prime; img_size=\u00a0\u00bb600&#215;400&Prime; onclick=\u00a0\u00bbimg_link_large\u00a0\u00bb][\/qode_elements_holder_item][\/qode_elements_holder][\/vc_column][\/vc_row][vc_row css_animation=\u00a0\u00bb\u00a0\u00bb row_type=\u00a0\u00bbrow\u00a0\u00bb use_row_as_full_screen_section=\u00a0\u00bbno\u00a0\u00bb type=\u00a0\u00bbgrid\u00a0\u00bb angled_section=\u00a0\u00bbno\u00a0\u00bb text_align=\u00a0\u00bbleft\u00a0\u00bb background_image_as_pattern=\u00a0\u00bbwithout_pattern\u00a0\u00bb padding_top=\u00a0\u00bb40&Prime; padding_bottom=\u00a0\u00bb40&Prime; z_index=\u00a0\u00bb\u00a0\u00bb][vc_column][qode_elements_holder number_of_columns=\u00a0\u00bbtwo_columns\u00a0\u00bb][qode_elements_holder_item item_padding=\u00a0\u00bb20px 20px 20px 20px\u00a0\u00bb vertical_alignment=\u00a0\u00bbmiddle\u00a0\u00bb advanced_animations=\u00a0\u00bbno\u00a0\u00bb][vc_gallery interval=\u00a0\u00bb0&Prime; images=\u00a0\u00bb89,88&Prime; img_size=\u00a0\u00bb600&#215;400&Prime; onclick=\u00a0\u00bbimg_link_large\u00a0\u00bb][\/qode_elements_holder_item][qode_elements_holder_item item_padding=\u00a0\u00bb20px 20px 20px 20px\u00a0\u00bb vertical_alignment=\u00a0\u00bbmiddle\u00a0\u00bb advanced_animations=\u00a0\u00bbno\u00a0\u00bb][vc_column_text]<\/p>\n<h2 style=\"text-align: right;\">DOUBLE DELUXE ROOM WITH CANAL VIEW<\/h2>\n<p>[\/vc_column_text][vc_empty_space height=\u00a0\u00bb20px\u00a0\u00bb][vc_column_text]<\/p>\n<p style=\"text-align: right;\">Cozy room of about 17 square meters with panoramic view over the Rio de San Barnaba, with all amenities, double bed (160 X 190 cm) or twin beds (80 X 190 cm) on request, and private bathroom with tub \/ shower, hair dryer and toiletries, wardrobe, telephone, WIFI, safe, satellite TV, desk, kettle with a wide variety of teas and coffees, minibar, self-controlled air conditioning and heating, free cot for your child of up to 2 years upon request at the reception.<\/p>\n<p>[\/vc_column_text][\/qode_elements_holder_item][\/qode_elements_holder][\/vc_column][\/vc_row][vc_row css_animation=\u00a0\u00bb\u00a0\u00bb row_type=\u00a0\u00bbrow\u00a0\u00bb use_row_as_full_screen_section=\u00a0\u00bbno\u00a0\u00bb type=\u00a0\u00bbgrid\u00a0\u00bb angled_section=\u00a0\u00bbno\u00a0\u00bb text_align=\u00a0\u00bbleft\u00a0\u00bb background_image_as_pattern=\u00a0\u00bbwithout_pattern\u00a0\u00bb background_color=\u00a0\u00bb#eaeaea\u00a0\u00bb padding_top=\u00a0\u00bb40&Prime; padding_bottom=\u00a0\u00bb40&Prime; z_index=\u00a0\u00bb\u00a0\u00bb][vc_column][qode_elements_holder number_of_columns=\u00a0\u00bbtwo_columns\u00a0\u00bb][qode_elements_holder_item item_padding=\u00a0\u00bb20px 20px 20px 20px\u00a0\u00bb vertical_alignment=\u00a0\u00bbmiddle\u00a0\u00bb advanced_animations=\u00a0\u00bbno\u00a0\u00bb][vc_column_text]<\/p>\n<h2 style=\"text-align: left;\">CHAMBRE TRIPLE<\/h2>\n<p>[\/vc_column_text][vc_empty_space height=\u00a0\u00bb20px\u00a0\u00bb][vc_column_text]Chambre confortable d&rsquo;environ 19 m\u00e8tres carr\u00e9s donnant sur notre jardin priv\u00e9 ou notre cour d&rsquo;entr\u00e9e \u00e9quip\u00e9e de tous conforts avec un lit double (160 x 190 cm) et un lit simple (80 x 190 cm) ou, en demandant, trois lits s\u00e9par\u00e9s ( 80 x 190 cm) et salle de bain priv\u00e9e avec baignoire \/ douche, s\u00e8che-cheveux et ligne de courtoisie, armoire, t\u00e9l\u00e9phone, WIFI, coffre-fort, TV satellite, bureau, bouilloire avec s\u00e9lection de th\u00e9 et caf\u00e9, minibar, climatisation et chauffage ind\u00e9pendants. Possibilit\u00e9 de demander un lit b\u00e9b\u00e9 gratuit pour enfant jusqu&rsquo;\u00e0 2 ans en demandant \u00e0 la r\u00e9ception.[\/vc_column_text][\/qode_elements_holder_item][qode_elements_holder_item item_padding=\u00a0\u00bb20px 20px 20px 20px\u00a0\u00bb vertical_alignment=\u00a0\u00bbmiddle\u00a0\u00bb advanced_animations=\u00a0\u00bbno\u00a0\u00bb][vc_gallery interval=\u00a0\u00bb0&Prime; images=\u00a0\u00bb70,71&Prime; img_size=\u00a0\u00bb600&#215;400&Prime; onclick=\u00a0\u00bbimg_link_large\u00a0\u00bb][\/qode_elements_holder_item][\/qode_elements_holder][\/vc_column][\/vc_row][vc_row css_animation=\u00a0\u00bb\u00a0\u00bb row_type=\u00a0\u00bbrow\u00a0\u00bb use_row_as_full_screen_section=\u00a0\u00bbno\u00a0\u00bb type=\u00a0\u00bbgrid\u00a0\u00bb angled_section=\u00a0\u00bbno\u00a0\u00bb text_align=\u00a0\u00bbleft\u00a0\u00bb background_image_as_pattern=\u00a0\u00bbwithout_pattern\u00a0\u00bb padding_top=\u00a0\u00bb40&Prime; padding_bottom=\u00a0\u00bb40&Prime; z_index=\u00a0\u00bb\u00a0\u00bb][vc_column][qode_elements_holder number_of_columns=\u00a0\u00bbtwo_columns\u00a0\u00bb][qode_elements_holder_item item_padding=\u00a0\u00bb20px 20px 20px 20px\u00a0\u00bb vertical_alignment=\u00a0\u00bbmiddle\u00a0\u00bb advanced_animations=\u00a0\u00bbno\u00a0\u00bb][vc_gallery interval=\u00a0\u00bb0&Prime; images=\u00a0\u00bb64,65,67,66&Prime; img_size=\u00a0\u00bb400&#215;300&Prime;][\/qode_elements_holder_item][qode_elements_holder_item item_padding=\u00a0\u00bb20px 20px 20px 20px\u00a0\u00bb vertical_alignment=\u00a0\u00bbmiddle\u00a0\u00bb advanced_animations=\u00a0\u00bbno\u00a0\u00bb][vc_column_text]<\/p>\n<h2 style=\"text-align: right;\">CHAMBRE QUADRUPLE<\/h2>\n<p>[\/vc_column_text][vc_empty_space height=\u00a0\u00bb20px\u00a0\u00bb][vc_column_text]<\/p>\n<p style=\"text-align: right;\">Chambre confortable d&rsquo;environ 23 m\u00e8tres carr\u00e9s donnant sur notre jardin priv\u00e9 \u00e9quip\u00e9e de tous conforts avec lit double (160 x 190 cm) et 2 lits simples (80 x 190 cm) ou, en demandant, quatre lits s\u00e9par\u00e9s (80 x 190 cm) et salle de bains priv\u00e9e avec baignoire \/ douche, s\u00e8che-cheveux et ligne de courtoisie, armoire, t\u00e9l\u00e9phone, WIFI, coffre-fort, TV satellite, bureau, , bouilloire avec s\u00e9lection de th\u00e9 et caf\u00e9, minibar, climatisation et chauffage ind\u00e9pendants. Possibilit\u00e9 de demander un lit b\u00e9b\u00e9 gratuit pour enfant jusqu&rsquo;\u00e0 2 ans en demandant \u00e0 la r\u00e9ception.<\/p>\n<p>[\/vc_column_text][\/qode_elements_holder_item][\/qode_elements_holder][\/vc_column][\/vc_row]<\/p>\n<\/div>","protected":false},"excerpt":{"rendered":"<p>[vc_row css_animation=\u00a0\u00bb\u00a0\u00bb row_type=\u00a0\u00bbrow\u00a0\u00bb use_row_as_full_screen_section=\u00a0\u00bbno\u00a0\u00bb type=\u00a0\u00bbfull_width\u00a0\u00bb angled_section=\u00a0\u00bbno\u00a0\u00bb text_align=\u00a0\u00bbleft\u00a0\u00bb background_image_as_pattern=\u00a0\u00bbwithout_pattern\u00a0\u00bb z_index=\u00a0\u00bb\u00a0\u00bb][vc_column][\/vc_column][\/vc_row][vc_row css_animation=\u00a0\u00bb\u00a0\u00bb row_type=\u00a0\u00bbrow\u00a0\u00bb use_row_as_full_screen_section=\u00a0\u00bbno\u00a0\u00bb type=\u00a0\u00bbgrid\u00a0\u00bb angled_section=\u00a0\u00bbno\u00a0\u00bb text_align=\u00a0\u00bbleft\u00a0\u00bb background_image_as_pattern=\u00a0\u00bbwithout_pattern\u00a0\u00bb padding_top=\u00a0\u00bb50&Prime; padding_bottom=\u00a0\u00bb50&Prime; z_index=\u00a0\u00bb\u00a0\u00bb][vc_column][vc_column_text] Chambres [\/vc_column_text][\/vc_column][\/vc_row][vc_row css_animation=\u00a0\u00bb\u00a0\u00bb row_type=\u00a0\u00bbrow\u00a0\u00bb use_row_as_full_screen_section=\u00a0\u00bbno\u00a0\u00bb type=\u00a0\u00bbgrid\u00a0\u00bb angled_section=\u00a0\u00bbno\u00a0\u00bb text_align=\u00a0\u00bbleft\u00a0\u00bb background_image_as_pattern=\u00a0\u00bbwithout_pattern\u00a0\u00bb padding_bottom=\u00a0\u00bb40&Prime; z_index=\u00a0\u00bb\u00a0\u00bb][vc_column][qode_elements_holder number_of_columns=\u00a0\u00bbtwo_columns\u00a0\u00bb][qode_elements_holder_item item_padding=\u00a0\u00bb20px 20px 20px 20px\u00a0\u00bb vertical_alignment=\u00a0\u00bbmiddle\u00a0\u00bb advanced_animations=\u00a0\u00bbno\u00a0\u00bb][vc_column_text]L\u2019H\u00f4tel propose plusieurs cat\u00e9gories d\u2019h\u00e9bergement allant des chambres individuelles&#8230;<\/p>\n","protected":false},"author":1,"featured_media":0,"parent":0,"menu_order":0,"comment_status":"closed","ping_status":"closed","template":"full_width.php","meta":{"footnotes":""},"class_list":["post-225","page","type-page","status-publish","hentry"],"aioseo_notices":[],"_links":{"self":[{"href":"https:\/\/www.hotelpausania.it\/fr\/wp-json\/wp\/v2\/pages\/225","targetHints":{"allow":["GET"]}}],"collection":[{"href":"https:\/\/www.hotelpausania.it\/fr\/wp-json\/wp\/v2\/pages"}],"about":[{"href":"https:\/\/www.hotelpausania.it\/fr\/wp-json\/wp\/v2\/types\/page"}],"author":[{"embeddable":true,"href":"https:\/\/www.hotelpausania.it\/fr\/wp-json\/wp\/v2\/users\/1"}],"replies":[{"embeddable":true,"href":"https:\/\/www.hotelpausania.it\/fr\/wp-json\/wp\/v2\/comments?post=225"}],"version-history":[{"count":2,"href":"https:\/\/www.hotelpausania.it\/fr\/wp-json\/wp\/v2\/pages\/225\/revisions"}],"predecessor-version":[{"id":561,"href":"https:\/\/www.hotelpausania.it\/fr\/wp-json\/wp\/v2\/pages\/225\/revisions\/561"}],"wp:attachment":[{"href":"https:\/\/www.hotelpausania.it\/fr\/wp-json\/wp\/v2\/media?parent=225"}],"curies":[{"name":"wp","href":"https:\/\/api.w.org\/{rel}","templated":true}]}}