{"id":286,"date":"2018-08-14T14:52:46","date_gmt":"2018-08-14T12:52:46","guid":{"rendered":"http:\/\/www.hotelpausania.it\/emplacement\/"},"modified":"2018-08-21T15:17:55","modified_gmt":"2018-08-21T13:17:55","slug":"emplacement","status":"publish","type":"page","link":"https:\/\/www.hotelpausania.it\/fr\/emplacement\/","title":{"rendered":"Emplacement"},"content":{"rendered":"<div class=\"wpb-content-wrapper\"><p>[vc_row css_animation=\u00a0\u00bb\u00a0\u00bb row_type=\u00a0\u00bbrow\u00a0\u00bb use_row_as_full_screen_section=\u00a0\u00bbno\u00a0\u00bb type=\u00a0\u00bbfull_width\u00a0\u00bb angled_section=\u00a0\u00bbno\u00a0\u00bb text_align=\u00a0\u00bbleft\u00a0\u00bb background_image_as_pattern=\u00a0\u00bbwithout_pattern\u00a0\u00bb z_index=\u00a0\u00bb\u00a0\u00bb][vc_column][vc_column_text]<div class=\"wpgmp_map_container wpgmp-map-provider-google wpgmp-map-1\" rel=\"map1\" data-plugin-version=\"4.8.6\"><div class=\"wpgmp_map_parent\"><div class=\"wpgmp_map \" style=\"width:100%; height:800px;\" id=\"map1\" data-map-id=\"1\"><\/div><\/div><\/div><script>jQuery(document).ready(function($){ window.wpgmp = window.wpgmp || {}; window.wpgmp.mapdata1 = \"eyJhdXRvc29ydCI6dHJ1ZSwibWFwX29wdGlvbnMiOnsiY2VudGVyX2xhdCI6IjQ1LjQzMjk5NCIsImNlbnRlcl9sbmciOiIxMi4zMjM0MTYiLCJ6b29tIjoxNSwibWFwX3R5cGVfaWQiOiJST0FETUFQIiwiY2VudGVyX2J5X25lYXJlc3QiOmZhbHNlLCJmaXRfYm91bmRzIjpmYWxzZSwic2hvd19jZW50ZXJfY2lyY2xlIjpmYWxzZSwic2hvd19jZW50ZXJfbWFya2VyIjpmYWxzZSwiY2VudGVyX21hcmtlcl9pY29uIjoiaHR0cHM6XC9cL3d3dy5ob3RlbHBhdXNhbmlhLml0XC93cC1jb250ZW50XC9wbHVnaW5zXC93cC1nb29nbGUtbWFwLXBsdWdpblwvYXNzZXRzXC9pbWFnZXNcL1wvZGVmYXVsdF9tYXJrZXIucG5nIiwiZHJhZ2dhYmxlIjp0cnVlLCJzY3JvbGxfd2hlZWwiOiJmYWxzZSIsIm1hcmtlcl9kZWZhdWx0X2ljb24iOiJodHRwczpcL1wvd3d3LmhvdGVscGF1c2FuaWEuaXRcL3dwLWNvbnRlbnRcL3BsdWdpbnNcL3dwLWdvb2dsZS1tYXAtcGx1Z2luXC9hc3NldHNcL2ltYWdlc1wvXC9kZWZhdWx0X21hcmtlci5wbmciLCJpbmZvd2luZG93X3NraW4iOnsibmFtZSI6ImRlZmF1bHQiLCJ0eXBlIjoiaW5mb3dpbmRvdyJ9LCJpbmZvd2luZG93X2Ryb3BfYW5pbWF0aW9uIjpmYWxzZSwiY2xvc2VfaW5mb3dpbmRvd19vbl9tYXBfY2xpY2siOmZhbHNlLCJkZWZhdWx0X2luZm93aW5kb3dfb3BlbiI6ZmFsc2UsImluZm93aW5kb3dfb3Blbl9ldmVudCI6ImNsaWNrIiwibGlzdGluZ19pbmZvd2luZG93X29wZW5fZXZlbnQiOiJjbGljayIsImlzX21vYmlsZSI6ZmFsc2UsImluZm93aW5kb3dfZmlsdGVyX29ubHkiOmZhbHNlLCJpbmZvd2luZG93X2NsaWNrX2NoYW5nZV9jZW50ZXIiOmZhbHNlLCJmdWxsX3NjcmVlbl9jb250cm9sIjp0cnVlLCJjYW1lcmFfY29udHJvbCI6ZmFsc2UsInNlYXJjaF9jb250cm9sIjp0cnVlLCJ6b29tX2NvbnRyb2wiOnRydWUsIm1hcF90eXBlX2NvbnRyb2wiOnRydWUsInN0cmVldF92aWV3X2NvbnRyb2wiOnRydWUsImxvY2F0ZW1lX2NvbnRyb2wiOmZhbHNlLCJtb2JpbGVfc3BlY2lmaWMiOmZhbHNlLCJ6b29tX21vYmlsZSI6NSwiZHJhZ2dhYmxlX21vYmlsZSI6dHJ1ZSwic2Nyb2xsX3doZWVsX21vYmlsZSI6dHJ1ZSwiZnVsbF9zY3JlZW5fY29udHJvbF9wb3NpdGlvbiI6IlJJR0hUX0NFTlRFUiIsInpvb21fY29udHJvbF9wb3NpdGlvbiI6IkxFRlRfQ0VOVEVSIiwibWFwX3R5cGVfY29udHJvbF9wb3NpdGlvbiI6IlJJR0hUX0NFTlRFUiIsIm1hcF90eXBlX2NvbnRyb2xfc3R5bGUiOiJIT1JJWk9OVEFMX0JBUiIsInN0cmVldF92aWV3X2NvbnRyb2xfcG9zaXRpb24iOiJMRUZUX0NFTlRFUiIsIm1hcF9pbmZvd2luZG93X2N1c3RvbWlzYXRpb25zIjpmYWxzZSwiaW5mb3dpbmRvd193aWR0aCI6IjEwMCUiLCJzaG93X2luZm93aW5kb3dfaGVhZGVyIjpmYWxzZSwiem9vbV9sZXZlbF9hZnRlcl9zZWFyY2giOjEwLCJkb3VibGVjbGlja3pvb20iOmZhbHNlLCJjdXJyZW50X3Bvc3Rfb25seSI6ZmFsc2UsImFkdmFuY2VfdGVtcGxhdGUiOmZhbHNlLCJtYXBfdGlsZV91cmwiOiJodHRwczpcL1wve3N9LnRpbGUub3BlbnN0cmVldG1hcC5vcmdcL3t6fVwve3h9XC97eX0ucG5nIiwib3BlbnN0cmVldF9zdHlsZXMiOnsiT3BlblN0cmVldE1hcC5NYXBuaWsiOiJodHRwczpcL1wve3N9LnRpbGUub3BlbnN0cmVldG1hcC5vcmdcL3t6fVwve3h9XC97eX0ucG5nIiwiT3BlblN0cmVldE1hcC5ERSI6Imh0dHBzOlwvXC97c30udGlsZS5vcGVuc3RyZWV0bWFwLmRlXC90aWxlc1wvb3NtZGVcL3t6fVwve3h9XC97eX0ucG5nIiwiT3BlblN0cmVldE1hcC5DSCI6Imh0dHBzOlwvXC90aWxlLm9zbS5jaFwvc3dpdHplcmxhbmRcL3t6fVwve3h9XC97eX0ucG5nIiwiT3BlblN0cmVldE1hcC5GcmFuY2UiOiJodHRwczpcL1wve3N9LnRpbGUub3BlbnN0cmVldG1hcC5mclwvb3NtZnJcL3t6fVwve3h9XC97eX0ucG5nIiwiT3BlblN0cmVldE1hcC5IT1QiOiJodHRwczpcL1wve3N9LnRpbGUub3BlbnN0cmVldG1hcC5mclwvaG90XC97en1cL3t4fVwve3l9LnBuZyIsIk9wZW5TdHJlZXRNYXAuQlpIIjoiaHR0cHM6XC9cL3RpbGUub3BlbnN0cmVldG1hcC5iemhcL2JyXC97en1cL3t4fVwve3l9LnBuZyIsIk9wZW5Ub3BvTWFwIjoiaHR0cHM6XC9cL3tzfS50aWxlLm9wZW50b3BvbWFwLm9yZ1wve3p9XC97eH1cL3t5fS5wbmciLCJUaHVuZGVyZm9yZXN0Lk9wZW5DeWNsZU1hcCI6Imh0dHBzOlwvXC9kZXYue3N9LnRpbGUub3BlbnN0cmVldG1hcC5mclwvY3ljbG9zbVwve3p9XC97eH1cL3t5fS5wbmciLCJPcGVuTWFwU3VyZmVyLlJvYWRzIjoiaHR0cHM6XC9cL21hcHMuaGVpZ2l0Lm9yZ1wvb3Blbm1hcHN1cmZlclwvdGlsZXNcL3JvYWRzXC93ZWJtZXJjYXRvclwve3p9XC97eH1cL3t5fS5wbmcifSwib3BlbnN0cmVldF9zdHlsZXNfbWFya3VwIjoiPHNlbGVjdCBjbGFzcz1cIndwb21wX21hcF90eXBlXCI+PG9wdGlvbiB2YWx1ZT1cIk9wZW5TdHJlZXRNYXAuTWFwbmlrXCI+T3BlblN0cmVldE1hcC5NYXBuaWs8XC9vcHRpb24+PG9wdGlvbiB2YWx1ZT1cIk9wZW5TdHJlZXRNYXAuREVcIj5PcGVuU3RyZWV0TWFwLkRFPFwvb3B0aW9uPjxvcHRpb24gdmFsdWU9XCJPcGVuU3RyZWV0TWFwLkNIXCI+T3BlblN0cmVldE1hcC5DSDxcL29wdGlvbj48b3B0aW9uIHZhbHVlPVwiT3BlblN0cmVldE1hcC5GcmFuY2VcIj5PcGVuU3RyZWV0TWFwLkZyYW5jZTxcL29wdGlvbj48b3B0aW9uIHZhbHVlPVwiT3BlblN0cmVldE1hcC5IT1RcIj5PcGVuU3RyZWV0TWFwLkhPVDxcL29wdGlvbj48b3B0aW9uIHZhbHVlPVwiT3BlblN0cmVldE1hcC5CWkhcIj5PcGVuU3RyZWV0TWFwLkJaSDxcL29wdGlvbj48b3B0aW9uIHZhbHVlPVwiT3BlblRvcG9NYXBcIj5PcGVuVG9wb01hcDxcL29wdGlvbj48b3B0aW9uIHZhbHVlPVwiVGh1bmRlcmZvcmVzdC5PcGVuQ3ljbGVNYXBcIj5UaHVuZGVyZm9yZXN0Lk9wZW5DeWNsZU1hcDxcL29wdGlvbj48b3B0aW9uIHZhbHVlPVwiT3Blbk1hcFN1cmZlci5Sb2Fkc1wiPk9wZW5NYXBTdXJmZXIuUm9hZHM8XC9vcHRpb24+PFwvc2VsZWN0PiIsIm1hcF9ib3hfc3R5bGVzX21hcmt1cCI6IjxzZWxlY3QgY2xhc3M9XCJ3cG9tcF9tYXBib3hfdHlwZVwiPjxvcHRpb24gdmFsdWU9XCJzdHJlZXRzLXYxMVwiPlN0cmVldHM8XC9vcHRpb24+PG9wdGlvbiB2YWx1ZT1cImxpZ2h0LXYxMFwiPkxpZ2h0PFwvb3B0aW9uPjxvcHRpb24gdmFsdWU9XCJkYXJrLXYxMFwiPkRhcms8XC9vcHRpb24+PG9wdGlvbiB2YWx1ZT1cIm91dGRvb3JzLXYxMVwiPk91dGRvb3JzPFwvb3B0aW9uPjxvcHRpb24gdmFsdWU9XCJzYXRlbGxpdGUtdjlcIj5TYXRlbGxpdGU8XC9vcHRpb24+PFwvc2VsZWN0PiIsImJvdW5kX21hcF9hZnRlcl9maWx0ZXIiOmZhbHNlLCJkaXNwbGF5X3Jlc2V0X2J1dHRvbiI6ZmFsc2UsIm1hcF9yZXNldF9idXR0b25fdGV4dCI6IlJcdTAwZTlpbml0aWFsaXNlciIsImhlaWdodCI6IjgwMCIsInRpbGVzX3Byb3ZpZGVyIjoib3BlbnN0cmVldCJ9LCJwbGFjZXMiOlt7ImlkIjoiMSIsInRpdGxlIjoiSG90ZWwgUGF1c2FuaWEiLCJzb3VyY2UiOiJtYW51YWwiLCJsb2NhdGlvbiI6eyJpY29uIjoiaHR0cHM6XC9cL3d3dy5ob3RlbHBhdXNhbmlhLml0XC93cC1jb250ZW50XC9wbHVnaW5zXC93cC1nb29nbGUtbWFwLXBsdWdpblwvYXNzZXRzXC9pbWFnZXNcL1wvZGVmYXVsdF9tYXJrZXIucG5nIiwibGF0IjoiNDUuNDMyOTk0IiwibG5nIjoiMTIuMzIzNDE2Iiwib25jbGlja19hY3Rpb24iOiJtYXJrZXIiLCJtYXJrZXJfaW1hZ2UiOiI8ZGl2IGNsYXNzPSdmYy1mZWF0dXJlLWltZyc+PGltZyBsb2FkaW5nPSdsYXp5JyBkZWNvZGluZz0nYXN5bmMnIGFsdD0nSG90ZWwgUGF1c2FuaWEnIHNyYz0naHR0cHM6XC9cL3d3dy5ob3RlbHBhdXNhbmlhLml0XC93cC1jb250ZW50XC9wbHVnaW5zXC93cC1nb29nbGUtbWFwLXBsdWdpblwvYXNzZXRzXC9pbWFnZXNcL3NhbXBsZS5qcGcnIGNsYXNzPSd3cGdtcF9tYXJrZXJfaW1hZ2UgZmMtaXRlbS1mZWF0dXJlZF9pbWFnZSBmYy1pdGVtLWxhcmdlJyBcLz48XC9kaXY+Iiwib3Blbl9uZXdfdGFiIjoieWVzIiwiYW5pbWF0aW9uIjoiQk9VTkNFIiwiaW5mb3dpbmRvd19kaXNhYmxlIjp0cnVlLCJ6b29tIjo1LCJleHRyYV9maWVsZHMiOnsibGlzdG9yZGVyIjowfX19XSwibWFwX3Byb3BlcnR5Ijp7Im1hcF9pZCI6IjEifSwic2hhcGVzIjp7ImRyYXdpbmdfZWRpdGFibGUiOmZhbHNlfSwiZmlsdGVycyI6eyJmaWx0ZXJzX2NvbnRhaW5lciI6IltkYXRhLWNvbnRhaW5lcj1cIndwZ21wLWZpbHRlcnMtY29udGFpbmVyXCJdIn0sImdsb2JhbF9zZXR0aW5ncyI6ZmFsc2UsInByb3ZpZGVyIjoiZ29vZ2xlIiwiYXBpS2V5IjoiIn0=\"; });<\/script>[\/vc_column_text][\/vc_column][\/vc_row][vc_row css_animation=\u00a0\u00bb\u00a0\u00bb row_type=\u00a0\u00bbrow\u00a0\u00bb use_row_as_full_screen_section=\u00a0\u00bbno\u00a0\u00bb type=\u00a0\u00bbgrid\u00a0\u00bb angled_section=\u00a0\u00bbno\u00a0\u00bb text_align=\u00a0\u00bbleft\u00a0\u00bb background_image=\u00a0\u00bb158&Prime; background_image_as_pattern=\u00a0\u00bbwithout_pattern\u00a0\u00bb padding_top=\u00a0\u00bb50&Prime; padding_bottom=\u00a0\u00bb50&Prime; z_index=\u00a0\u00bb\u00a0\u00bb][vc_column][vc_column_text]<\/p>\n<h1 style=\"text-align: center;\">Emplacement<\/h1>\n<p>[\/vc_column_text][vc_empty_space height=\u00a0\u00bb20px\u00a0\u00bb][vc_column_text]L\u2019H\u00f4tel Pausania est situ\u00e9 entre l\u2019Accademia et le Campo Santa Margherita sur le long de la Fondamenta Gerardini donnant sur le Rio di San Barnaba, entre le Ponte dei Pugni et le Ponte delle Pazienze, seulement 5 minutes a pie de l\u2019arr\u00eat Ca\u2019 Rezzonico (puis en descendant, suivez la Calle del Traghetto pour rejoindre la Campo San Barnaba. Ensuite, en suivant le canal sur la droit, vous rejoindrez notre h\u00f4tel qui se trouve le long de la Fondamenta Gerardini).[\/vc_column_text][\/vc_column][\/vc_row][vc_row css_animation=\u00a0\u00bb\u00a0\u00bb row_type=\u00a0\u00bbrow\u00a0\u00bb use_row_as_full_screen_section=\u00a0\u00bbno\u00a0\u00bb type=\u00a0\u00bbgrid\u00a0\u00bb anchor=\u00a0\u00bb#come-raggiungere\u00a0\u00bb angled_section=\u00a0\u00bbno\u00a0\u00bb text_align=\u00a0\u00bbleft\u00a0\u00bb background_image_as_pattern=\u00a0\u00bbwithout_pattern\u00a0\u00bb padding_top=\u00a0\u00bb30&Prime; padding_bottom=\u00a0\u00bb30&Prime;][vc_column][vc_column_text]<\/p>\n<h2>COMMENT REJOINDRE L\u2019H\u00d4TEL PAUSANIA DEPUIS:<\/h2>\n<p>[\/vc_column_text][\/vc_column][\/vc_row][vc_row css_animation=\u00a0\u00bb\u00a0\u00bb row_type=\u00a0\u00bbrow\u00a0\u00bb use_row_as_full_screen_section=\u00a0\u00bbno\u00a0\u00bb type=\u00a0\u00bbgrid\u00a0\u00bb angled_section=\u00a0\u00bbno\u00a0\u00bb text_align=\u00a0\u00bbleft\u00a0\u00bb background_image_as_pattern=\u00a0\u00bbwithout_pattern\u00a0\u00bb padding_bottom=\u00a0\u00bb30&Prime;][vc_column width=\u00a0\u00bb1\/6&Prime;]<span data-type=\"circle\" data-hover-bg-color=\"#ac9460\" data-hover-icon-color=\"#ffffff\" class=\"qode_icon_shortcode fa-stack q_font_awsome_icon_stack fa-4x pull-center \" style=\"font-size: 40px;font-size: 50px; \"><i class=\"fa fa-circle fa-stack-base fa-stack-2x\" style=\"color: #ac9460;\"><\/i><i class=\"qode_icon_font_awesome fa fa-plane qode_icon_element fa-stack-1x\" style=\"font-size: 40px;color: #ffffff;\" ><\/i><\/span>[\/vc_column][vc_column width=\u00a0\u00bb5\/6&Prime;][vc_empty_space height=\u00a0\u00bb5px\u00a0\u00bb][vc_column_text]<\/p>\n<h3>L\u2019A\u00c9ROPORT MARCO POLO DE VENISE<\/h3>\n<p>[\/vc_column_text][vc_empty_space height=\u00a0\u00bb15px\u00a0\u00bb][vc_column_text]<strong>Transport priv\u00e9<\/strong><\/p>\n<p>Nous pouvons organiser des services de transfert en bateau taxi au d\u00e9part de l\u2019a\u00e9roport \u00e0 destination de l\u2019h\u00f4tel ou bien en voiture taxi de l\u2019a\u00e9roport vers le Port de San Basilio (500 m\u00e8tres \u00e0 pied de notre h\u00f4tel) : pour en savoir plus, veuillez contacter directement notre r\u00e9ception par courriel ou par t\u00e9l\u00e9phone.<\/p>\n<p><strong>Transport en commun<\/strong><\/p>\n<ul>\n<li>compagnie Alilaguna ligne orange jusqu\u2019\u00e0 l\u2019arr\u00eat Ca\u2019 Rezzonico.<\/li>\n<li>autobus ACTV (ligne 5) ou ATVO jusqu\u2019\u00e0 Piazzale Roma, puis ligne 1 de vaporetto jusqu\u2019\u00e0 Ca\u2019 Rezzonico<\/li>\n<\/ul>\n<p>[\/vc_column_text][\/vc_column][\/vc_row][vc_row css_animation=\u00a0\u00bb\u00a0\u00bb row_type=\u00a0\u00bbrow\u00a0\u00bb use_row_as_full_screen_section=\u00a0\u00bbno\u00a0\u00bb type=\u00a0\u00bbgrid\u00a0\u00bb angled_section=\u00a0\u00bbno\u00a0\u00bb text_align=\u00a0\u00bbleft\u00a0\u00bb background_image_as_pattern=\u00a0\u00bbwithout_pattern\u00a0\u00bb padding_top=\u00a0\u00bb30&Prime; padding_bottom=\u00a0\u00bb30&Prime; z_index=\u00a0\u00bb\u00a0\u00bb][vc_column width=\u00a0\u00bb1\/6&Prime;]<span data-type=\"circle\" data-hover-bg-color=\"#ac9460\" data-hover-icon-color=\"#ffffff\" class=\"qode_icon_shortcode fa-stack q_font_awsome_icon_stack fa-4x pull-center \" style=\"font-size: 40px;font-size: 50px; \"><i class=\"fa fa-circle fa-stack-base fa-stack-2x\" style=\"color: #ac9460;\"><\/i><i class=\"qode_icon_font_awesome fa fa-plane qode_icon_element fa-stack-1x\" style=\"font-size: 40px;color: #ffffff;\" ><\/i><\/span>[\/vc_column][vc_column width=\u00a0\u00bb5\/6&Prime;][vc_empty_space height=\u00a0\u00bb5px\u00a0\u00bb][vc_column_text]<\/p>\n<h3>A\u00c9ROPORT CANOVA DE TREVISO<\/h3>\n<p>[\/vc_column_text][vc_empty_space height=\u00a0\u00bb15px\u00a0\u00bb][vc_column_text]<strong>Transport priv\u00e9:<\/strong><\/p>\n<p>taxi voiture au d\u00e9part de l\u2019a\u00e9roport jusqu&rsquo;au Port de San Basilio (500 m\u00e8tres \u00e0 pied de notre h\u00f4tel)<\/p>\n<p>Si vous souhaitez en savoir plus sur les tarifs et les modalit\u00e9s de r\u00e9servation des transferts priv\u00e9s, nous vous invitons \u00e0 contacter directement notre r\u00e9ception par courriel ou par t\u00e9l\u00e9phone.<\/p>\n<p><strong>Transport en commun:<\/strong><\/p>\n<p>autobus publico de la ligne Barzi Service jusqu\u2019\u00e0 Tronchetto, puis bateau de la ligne 2 jusqu\u2019\u00e0 San Basilio ou bien autobus public ATVO jusqu\u2019\u00e0 Piazzale Roma, puis ligne 1 de vaporetto jusqu\u2019\u00e0 Ca\u2019 Rezzonico<br \/>\n[\/vc_column_text][\/vc_column][\/vc_row][vc_row css_animation=\u00a0\u00bb\u00a0\u00bb row_type=\u00a0\u00bbrow\u00a0\u00bb use_row_as_full_screen_section=\u00a0\u00bbno\u00a0\u00bb type=\u00a0\u00bbgrid\u00a0\u00bb angled_section=\u00a0\u00bbno\u00a0\u00bb text_align=\u00a0\u00bbleft\u00a0\u00bb background_image_as_pattern=\u00a0\u00bbwithout_pattern\u00a0\u00bb padding_top=\u00a0\u00bb30&Prime; padding_bottom=\u00a0\u00bb30&Prime; z_index=\u00a0\u00bb\u00a0\u00bb][vc_column width=\u00a0\u00bb1\/6&Prime;]<span data-type=\"circle\" data-hover-bg-color=\"#ac9460\" data-hover-icon-color=\"#ffffff\" class=\"qode_icon_shortcode fa-stack q_font_awsome_icon_stack fa-4x pull-center \" style=\"font-size: 40px;font-size: 50px; \"><i class=\"fa fa-circle fa-stack-base fa-stack-2x\" style=\"color: #ac9460;\"><\/i><i class=\"qode_icon_font_awesome fa fa-car qode_icon_element fa-stack-1x\" style=\"font-size: 40px;color: #ffffff;\" ><\/i><\/span>[\/vc_column][vc_column width=\u00a0\u00bb5\/6&Prime;][vc_empty_space height=\u00a0\u00bb5px\u00a0\u00bb][vc_column_text]<\/p>\n<h3>PIAZZALE ROMA (GARE ROUTI\u00c8RE ET PARKINGS : GARAGE SAN MARCO ET MUNICIPAL)<\/h3>\n<p>[\/vc_column_text][vc_empty_space height=\u00a0\u00bb15px\u00a0\u00bb][vc_column_text]Si vous venez \u00e0 Venise en voiture, vous pouvez garer votre voiture dans un parking public de Piazzale Roma (garage Communal ou garage San Marco) ou bien sur l\u2019\u00eele du Tronchetto.<\/p>\n<p>Si vous choisissez le Garage San Marco ou le parking de Tronchetto, vous pouvez obtenir une remise de 10 % sur les tarifs en vigueur : demandez \u00e0 la r\u00e9ception de l\u2019H\u00f4tel le coupon \u00e0 pr\u00e9senter \u00e0 la caisse du garage avant de quitter l\u2019H\u00f4tel.<\/p>\n<p>Nous pouvons organiser des services de transport par taxi d\u2019eau \u00e0 partir de Piazzale Roma ou de Tronchetto \u00e0 l\u2019H\u00f4tel (pour plus d\u2019informations, veuillez contacter la r\u00e9ception par t\u00e9l\u00e9phone, fax ou courriel).[\/vc_column_text][\/vc_column][\/vc_row][vc_row css_animation=\u00a0\u00bb\u00a0\u00bb row_type=\u00a0\u00bbrow\u00a0\u00bb use_row_as_full_screen_section=\u00a0\u00bbno\u00a0\u00bb type=\u00a0\u00bbgrid\u00a0\u00bb angled_section=\u00a0\u00bbno\u00a0\u00bb text_align=\u00a0\u00bbleft\u00a0\u00bb background_image_as_pattern=\u00a0\u00bbwithout_pattern\u00a0\u00bb padding_top=\u00a0\u00bb30&Prime; padding_bottom=\u00a0\u00bb30&Prime; z_index=\u00a0\u00bb\u00a0\u00bb][vc_column width=\u00a0\u00bb1\/6&Prime;]<span data-type=\"circle\" data-hover-bg-color=\"#ac9460\" data-hover-icon-color=\"#ffffff\" class=\"qode_icon_shortcode fa-stack q_font_awsome_icon_stack fa-4x pull-center \" style=\"font-size: 40px;font-size: 50px; \"><i class=\"fa fa-circle fa-stack-base fa-stack-2x\" style=\"color: #ac9460;\"><\/i><i class=\"qode_icon_font_awesome fa fa-train qode_icon_element fa-stack-1x\" style=\"font-size: 40px;color: #ffffff;\" ><\/i><\/span>[\/vc_column][vc_column width=\u00a0\u00bb5\/6&Prime;][vc_empty_space height=\u00a0\u00bb5px\u00a0\u00bb][vc_column_text]<\/p>\n<h3>GARE FERROVIAIRE DE SANTA LUCIA<\/h3>\n<p>[\/vc_column_text][vc_empty_space height=\u00a0\u00bb15px\u00a0\u00bb][vc_column_text]La gare ferroviaire de Santa Lucia est \u00e0 environ 20 minutes \u00e0 pied de notre h\u00f4tel, mais pour la rejoindre, vous pouvez facilement prendre la ligne 1 de vaporetto ACTV et descendre \u00e0 l\u2019arr\u00eat Ca \u2018Rezzonico.[\/vc_column_text][\/vc_column][\/vc_row][vc_row css_animation=\u00a0\u00bb\u00a0\u00bb row_type=\u00a0\u00bbrow\u00a0\u00bb use_row_as_full_screen_section=\u00a0\u00bbno\u00a0\u00bb type=\u00a0\u00bbgrid\u00a0\u00bb angled_section=\u00a0\u00bbno\u00a0\u00bb text_align=\u00a0\u00bbleft\u00a0\u00bb background_image_as_pattern=\u00a0\u00bbwithout_pattern\u00a0\u00bb padding_top=\u00a0\u00bb30&Prime; padding_bottom=\u00a0\u00bb40&Prime; z_index=\u00a0\u00bb\u00a0\u00bb][vc_column width=\u00a0\u00bb1\/6&Prime;]<span data-type=\"circle\" data-hover-bg-color=\"#ac9460\" data-hover-icon-color=\"#ffffff\" class=\"qode_icon_shortcode fa-stack q_font_awsome_icon_stack fa-4x pull-center \" style=\"font-size: 40px;font-size: 50px; \"><i class=\"fa fa-circle fa-stack-base fa-stack-2x\" style=\"color: #ac9460;\"><\/i><i class=\"qode_icon_font_awesome fa fa-ship qode_icon_element fa-stack-1x\" style=\"font-size: 40px;color: #ffffff;\" ><\/i><\/span>[\/vc_column][vc_column width=\u00a0\u00bb5\/6&Prime;][vc_empty_space height=\u00a0\u00bb5px\u00a0\u00bb][vc_column_text]<\/p>\n<h3>GARE MARITIME<\/h3>\n<p>[\/vc_column_text][vc_empty_space height=\u00a0\u00bb15px\u00a0\u00bb][vc_column_text]Vous pouvez prendre le People Mover jusqu\u2019\u00e0 Piazzale Roma, puis suivre les indications du paragraphe correspondant ou bien prenez la ligne bleue Alilaguna jusqu\u2019\u00e0 l\u2019arr\u00eat Zattere d\u2019o\u00f9 vous devez compter 10 minutes \u00e0 pied pour nous rejoindre. Nous pouvons organiser des services de transport par taxi d\u2019eau de la gare maritime (pour plus d\u2019informations, veuillez contacter la r\u00e9ception par t\u00e9l\u00e9phone, fax ou courriel).[\/vc_column_text][\/vc_column][\/vc_row][vc_row css_animation=\u00a0\u00bb\u00a0\u00bb row_type=\u00a0\u00bbrow\u00a0\u00bb use_row_as_full_screen_section=\u00a0\u00bbno\u00a0\u00bb type=\u00a0\u00bbfull_width\u00a0\u00bb angled_section=\u00a0\u00bbno\u00a0\u00bb text_align=\u00a0\u00bbleft\u00a0\u00bb background_image_as_pattern=\u00a0\u00bbwithout_pattern\u00a0\u00bb padding_top=\u00a0\u00bb30&Prime; z_index=\u00a0\u00bb\u00a0\u00bb][vc_column]<div class=\"call_to_action with_icon\" style=\"background-color: #ac9460;padding-top: 50px;padding-bottom: 50px;\"><div class=\"container_inner\"><div class=\"two_columns_75_25 clearfix\"><div class=\"text_wrapper column1\"><div class=\"call_to_action_icon_holder\"><div class=\"call_to_action_icon\"><div class=\"call_to_action_icon_inner\"><i class='fa fa-file-pdf-o pull-left . fa-3x'><\/i><\/div><\/div><\/div><div class=\"call_to_action_text  font_size_inherit font_weight_inherit\" style=\"font-size:26px;font-weight: 400;\">\n<p style=\"text-align: center;\"><span style=\"color: #ffffff;\"><strong>T\u00e9l\u00e9chargez la carte PDF.<\/strong><\/span><\/p>\n<\/div><\/div><div class=\"button_wrapper column2\"><a itemprop=\"url\" href=\"http:\/\/www.hotelpausania.it\/wp-content\/uploads\/2018\/08\/pausania_map_FR.pdf\" class=\"qbutton white large\" target=\"_blank\" style=\"background-color: #aaa185;\" data-hover-background-color=#aaa185 >T\u00e9l\u00e9chargez<\/a><\/div><\/div><\/div><\/div>[\/vc_column][\/vc_row]<\/p>\n<\/div>","protected":false},"excerpt":{"rendered":"<p>[vc_row css_animation=\u00a0\u00bb\u00a0\u00bb row_type=\u00a0\u00bbrow\u00a0\u00bb use_row_as_full_screen_section=\u00a0\u00bbno\u00a0\u00bb type=\u00a0\u00bbfull_width\u00a0\u00bb angled_section=\u00a0\u00bbno\u00a0\u00bb text_align=\u00a0\u00bbleft\u00a0\u00bb background_image_as_pattern=\u00a0\u00bbwithout_pattern\u00a0\u00bb z_index=\u00a0\u00bb\u00a0\u00bb][vc_column][vc_column_text][\/vc_column_text][\/vc_column][\/vc_row][vc_row css_animation=\u00a0\u00bb\u00a0\u00bb row_type=\u00a0\u00bbrow\u00a0\u00bb use_row_as_full_screen_section=\u00a0\u00bbno\u00a0\u00bb type=\u00a0\u00bbgrid\u00a0\u00bb angled_section=\u00a0\u00bbno\u00a0\u00bb text_align=\u00a0\u00bbleft\u00a0\u00bb background_image=\u00a0\u00bb158&Prime; background_image_as_pattern=\u00a0\u00bbwithout_pattern\u00a0\u00bb padding_top=\u00a0\u00bb50&Prime; padding_bottom=\u00a0\u00bb50&Prime; z_index=\u00a0\u00bb\u00a0\u00bb][vc_column][vc_column_text] Emplacement [\/vc_column_text][vc_empty_space height=\u00a0\u00bb20px\u00a0\u00bb][vc_column_text]L\u2019H\u00f4tel Pausania est situ\u00e9 entre l\u2019Accademia et le Campo Santa Margherita sur le long de la Fondamenta Gerardini donnant sur le Rio di&#8230;<\/p>\n","protected":false},"author":1,"featured_media":0,"parent":0,"menu_order":0,"comment_status":"closed","ping_status":"closed","template":"full_width.php","meta":{"footnotes":""},"class_list":["post-286","page","type-page","status-publish","hentry"],"aioseo_notices":[],"_links":{"self":[{"href":"https:\/\/www.hotelpausania.it\/fr\/wp-json\/wp\/v2\/pages\/286","targetHints":{"allow":["GET"]}}],"collection":[{"href":"https:\/\/www.hotelpausania.it\/fr\/wp-json\/wp\/v2\/pages"}],"about":[{"href":"https:\/\/www.hotelpausania.it\/fr\/wp-json\/wp\/v2\/types\/page"}],"author":[{"embeddable":true,"href":"https:\/\/www.hotelpausania.it\/fr\/wp-json\/wp\/v2\/users\/1"}],"replies":[{"embeddable":true,"href":"https:\/\/www.hotelpausania.it\/fr\/wp-json\/wp\/v2\/comments?post=286"}],"version-history":[{"count":3,"href":"https:\/\/www.hotelpausania.it\/fr\/wp-json\/wp\/v2\/pages\/286\/revisions"}],"predecessor-version":[{"id":381,"href":"https:\/\/www.hotelpausania.it\/fr\/wp-json\/wp\/v2\/pages\/286\/revisions\/381"}],"wp:attachment":[{"href":"https:\/\/www.hotelpausania.it\/fr\/wp-json\/wp\/v2\/media?parent=286"}],"curies":[{"name":"wp","href":"https:\/\/api.w.org\/{rel}","templated":true}]}}