{"id":607,"date":"2018-03-29T16:19:01","date_gmt":"2018-03-29T14:19:01","guid":{"rendered":"https:\/\/www.hotelpausania.it\/camere\/"},"modified":"2022-02-17T11:10:25","modified_gmt":"2022-02-17T10:10:25","slug":"camere","status":"publish","type":"page","link":"https:\/\/www.hotelpausania.it\/pt-pt\/camere\/","title":{"rendered":"QUARTOS"},"content":{"rendered":"<div class=\"wpb-content-wrapper\"><p>[vc_row css_animation=&#8221;&#8221; row_type=&#8221;row&#8221; use_row_as_full_screen_section=&#8221;no&#8221; type=&#8221;full_width&#8221; angled_section=&#8221;no&#8221; text_align=&#8221;left&#8221; background_image_as_pattern=&#8221;without_pattern&#8221; z_index=&#8221;&#8221;][vc_column]\n\t\t\t<!-- START Camere REVOLUTION SLIDER 6.6.18 --><p class=\"rs-p-wp-fix\"><\/p>\n\t\t\t<rs-module-wrap id=\"rev_slider_2_1_wrapper\" data-source=\"gallery\" style=\"visibility:hidden;background:transparent;padding:0;margin:0px auto;margin-top:0;margin-bottom:0;\">\n\t\t\t\t<rs-module id=\"rev_slider_2_1\" style=\"\" data-version=\"6.6.18\">\n\t\t\t\t\t<rs-slides style=\"overflow: hidden; position: absolute;\">\n\t\t\t\t\t\t<rs-slide style=\"position: absolute;\" data-key=\"rs-21\" data-title=\"Slide\" data-anim=\"adpr:false;\">\n\t\t\t\t\t\t\t<img decoding=\"async\" src=\"\/\/www.hotelpausania.it\/wp-content\/plugins\/revslider\/public\/assets\/assets\/dummy.png\" alt=\"\" title=\"QUARTOS\" class=\"rev-slidebg tp-rs-img rs-lazyload\" data-lazyload=\"\/\/www.hotelpausania.it\/wp-content\/uploads\/2019\/12\/202.1.jpg\" data-no-retina>\n<!---->\t\t\t\t\t\t<\/rs-slide>\n\t\t\t\t\t<\/rs-slides>\n\t\t\t\t<\/rs-module>\n\t\t\t\t<script>\n\t\t\t\t\tsetREVStartSize({c: 'rev_slider_2_1',rl:[1240,1024,778,480],el:[],gw:[1240,1024,778,480],gh:[650,500,350,300],type:'standard',justify:'',layout:'fullwidth',mh:\"0\"});if (window.RS_MODULES!==undefined && window.RS_MODULES.modules!==undefined && window.RS_MODULES.modules[\"revslider21\"]!==undefined) {window.RS_MODULES.modules[\"revslider21\"].once = false;window.revapi2 = undefined;if (window.RS_MODULES.checkMinimal!==undefined) window.RS_MODULES.checkMinimal()}\n\t\t\t\t<\/script>\n\t\t\t<\/rs-module-wrap>\n\t\t\t<!-- END REVOLUTION SLIDER -->\n[\/vc_column][\/vc_row][vc_row css_animation=&#8221;&#8221; row_type=&#8221;row&#8221; use_row_as_full_screen_section=&#8221;no&#8221; type=&#8221;grid&#8221; angled_section=&#8221;no&#8221; text_align=&#8221;left&#8221; background_image_as_pattern=&#8221;without_pattern&#8221; padding_top=&#8221;50&#8243; padding_bottom=&#8221;50&#8243; z_index=&#8221;&#8221;][vc_column][vc_column_text]<\/p>\n<h1 style=\"text-align: center;\">Os Quartos<\/h1>\n<p>[\/vc_column_text][\/vc_column][\/vc_row][vc_row css_animation=&#8221;&#8221; row_type=&#8221;row&#8221; use_row_as_full_screen_section=&#8221;no&#8221; type=&#8221;grid&#8221; angled_section=&#8221;no&#8221; text_align=&#8221;left&#8221; background_image_as_pattern=&#8221;without_pattern&#8221; padding_bottom=&#8221;40&#8243; z_index=&#8221;&#8221;][vc_column][qode_elements_holder number_of_columns=&#8221;two_columns&#8221;][qode_elements_holder_item item_padding=&#8221;20px 20px 20px 20px&#8221; vertical_alignment=&#8221;middle&#8221; advanced_animations=&#8221;no&#8221;][vc_column_text]O Hotel oferece diferentes tipos de acomoda\u00e7\u00f5es para atender \u00e0s necessidades do viajante individual, casais ou fam\u00edlias.<\/p>\n<p>Todos os nossos 24 quartos est\u00e3o decorados no estilo veneziano, com bom gosto e eleg\u00e2ncia, e t\u00eam casa de banho privada com banheira\/duche, secador de cabelo, linha de produtos de higiene, roupeiro, telefone, wi-fi, cofre, TV sat\u00e9lite, secret\u00e1ria, chaleira com uma vasta op\u00e7\u00e3o de ch\u00e1s e caf\u00e9s , ar condicionado e aquecimento independentes, possibilidade de ter uma cama de casal ou camas individuais e a facilidade de solicitar um ber\u00e7o gratuito para o seu filho at\u00e9 aos 2 anos de idade (mediante pedido pr\u00e9vio).[\/vc_column_text][\/qode_elements_holder_item][qode_elements_holder_item item_padding=&#8221;20px 20px 20px 20px&#8221; vertical_alignment=&#8221;middle&#8221; advanced_animations=&#8221;no&#8221;][vc_gallery interval=&#8221;3&#8243; images=&#8221;415,430,440,475,490&#8243; img_size=&#8221;600&#215;450&#8243;][\/qode_elements_holder_item][\/qode_elements_holder][\/vc_column][\/vc_row][vc_row css_animation=&#8221;&#8221; row_type=&#8221;row&#8221; use_row_as_full_screen_section=&#8221;no&#8221; type=&#8221;grid&#8221; angled_section=&#8221;no&#8221; text_align=&#8221;left&#8221; background_image_as_pattern=&#8221;without_pattern&#8221; background_color=&#8221;#eaeaea&#8221; padding_top=&#8221;40&#8243; padding_bottom=&#8221;40&#8243; z_index=&#8221;&#8221;][vc_column][qode_elements_holder number_of_columns=&#8221;two_columns&#8221;][qode_elements_holder_item item_padding=&#8221;20px 20px 20px 20px&#8221; vertical_alignment=&#8221;middle&#8221; advanced_animations=&#8221;no&#8221;][vc_column_text]<\/p>\n<h2 style=\"text-align: left;\">Individual<\/h2>\n<p>[\/vc_column_text][vc_empty_space height=&#8221;20px&#8221;][vc_column_text]Quarto acolhedor com cerca de 10 metros quadrados, equipado com todo o conforto, com cama de solteiro (80 x 190 cm) e casa de banho privada com banheira\/duche, secador de cabelo e linha de produtos de higiene, roupeiro, telefone, wi-fi, cofre, TV sat\u00e9lite, mesa, chaleira com vasta op\u00e7\u00e3o de ch\u00e1s e caf\u00e9s, minibar, ar condicionado e aquecimento independentes.[\/vc_column_text][\/qode_elements_holder_item][qode_elements_holder_item item_padding=&#8221;20px 20px 20px 20px&#8221; vertical_alignment=&#8221;middle&#8221; advanced_animations=&#8221;no&#8221;][vc_gallery interval=&#8221;0&#8243; images=&#8221;425,68,69&#8243; img_size=&#8221;600&#215;400&#8243; onclick=&#8221;img_link_large&#8221;][\/qode_elements_holder_item][\/qode_elements_holder][\/vc_column][\/vc_row][vc_row css_animation=&#8221;&#8221; row_type=&#8221;row&#8221; use_row_as_full_screen_section=&#8221;no&#8221; type=&#8221;grid&#8221; angled_section=&#8221;no&#8221; text_align=&#8221;left&#8221; background_image_as_pattern=&#8221;without_pattern&#8221; padding_top=&#8221;40&#8243; padding_bottom=&#8221;40&#8243; z_index=&#8221;&#8221;][vc_column][qode_elements_holder number_of_columns=&#8221;two_columns&#8221;][qode_elements_holder_item item_padding=&#8221;20px 20px 20px 20px&#8221; vertical_alignment=&#8221;middle&#8221; advanced_animations=&#8221;no&#8221;][vc_gallery interval=&#8221;0&#8243; images=&#8221;430,90,92,490,495,93,94&#8243; img_size=&#8221;600&#215;400&#8243; onclick=&#8221;img_link_large&#8221;][\/qode_elements_holder_item][qode_elements_holder_item item_padding=&#8221;20px 20px 20px 20px&#8221; vertical_alignment=&#8221;middle&#8221; advanced_animations=&#8221;no&#8221;][vc_column_text]<\/p>\n<h2 style=\"text-align: right;\">Duplo Standard<\/h2>\n<p>[\/vc_column_text][vc_empty_space height=&#8221;20px&#8221;][vc_column_text]<\/p>\n<p style=\"text-align: right;\">Quarto acolhedor com cerca de 14 metros quadrados, equipado com todo o conforto, com cama de casal (160 x 190 cm) ou, a pedido, duas camas separadas (80 x 190 cm) e casa de banho privada com banheira\/duche, secador de cabelo e linha de produtos de higiene, roupeiro, telefone , wi-fi, cofre, TV sat\u00e9lite, secret\u00e1ria, chaleira com uma vasta escolha de ch\u00e1s e caf\u00e9s, minibar, ar condicionado e aquecimento independentes.<\/p>\n<p>[\/vc_column_text][\/qode_elements_holder_item][\/qode_elements_holder][\/vc_column][\/vc_row][vc_row css_animation=&#8221;&#8221; row_type=&#8221;row&#8221; use_row_as_full_screen_section=&#8221;no&#8221; type=&#8221;grid&#8221; angled_section=&#8221;no&#8221; text_align=&#8221;left&#8221; background_image_as_pattern=&#8221;without_pattern&#8221; background_color=&#8221;#eaeaea&#8221; padding_top=&#8221;40&#8243; padding_bottom=&#8221;40&#8243; z_index=&#8221;&#8221;][vc_column][qode_elements_holder number_of_columns=&#8221;two_columns&#8221;][qode_elements_holder_item item_padding=&#8221;20px 20px 20px 20px&#8221; vertical_alignment=&#8221;middle&#8221; advanced_animations=&#8221;no&#8221;][vc_column_text]<\/p>\n<h2 style=\"text-align: left;\">Duplo Superior<\/h2>\n<p>[\/vc_column_text][vc_empty_space height=&#8221;20px&#8221;][vc_column_text]Quarto acolhedor com cerca de 17 metros quadrados com vista para o nosso jardim privativo ou para o p\u00e1tio da entrada, equipado com todo o conforto, com cama de casal (160 X 190 cm) ou, a pedido, duas camas separadas (80 X 190 cm) e casa de banho privada com banheira\/duche, secador de cabelo e linha de produtos de higiene, roupeiro, telefone, wi-fi, cofre, TV sat\u00e9lite, secret\u00e1ria, chaleira com uma vasta escolha de ch\u00e1s e caf\u00e9s, minibar, ar condicionado e aquecimento independentes. Possibilidade de solicitar um ber\u00e7o gratuito para o seu filho at\u00e9 aos 2 anos, mediante pedido na rece\u00e7\u00e3o.[\/vc_column_text][\/qode_elements_holder_item][qode_elements_holder_item item_padding=&#8221;20px 20px 20px 20px&#8221; vertical_alignment=&#8221;middle&#8221; advanced_animations=&#8221;no&#8221;][vc_gallery interval=&#8221;0&#8243; images=&#8221;415,58,59,445,62,420,440,450,60,63&#8243; img_size=&#8221;600&#215;400&#8243; onclick=&#8221;img_link_large&#8221;][\/qode_elements_holder_item][\/qode_elements_holder][\/vc_column][\/vc_row][vc_row css_animation=&#8221;&#8221; row_type=&#8221;row&#8221; use_row_as_full_screen_section=&#8221;no&#8221; type=&#8221;grid&#8221; angled_section=&#8221;no&#8221; text_align=&#8221;left&#8221; background_image_as_pattern=&#8221;without_pattern&#8221; padding_top=&#8221;40&#8243; padding_bottom=&#8221;40&#8243; z_index=&#8221;&#8221;][vc_column][qode_elements_holder number_of_columns=&#8221;two_columns&#8221;][qode_elements_holder_item item_padding=&#8221;20px 20px 20px 20px&#8221; vertical_alignment=&#8221;middle&#8221; advanced_animations=&#8221;no&#8221;][vc_gallery interval=&#8221;0&#8243; images=&#8221;475,480,485,88&#8243; img_size=&#8221;600&#215;400&#8243; onclick=&#8221;img_link_large&#8221;][\/qode_elements_holder_item][qode_elements_holder_item item_padding=&#8221;20px 20px 20px 20px&#8221; vertical_alignment=&#8221;middle&#8221; advanced_animations=&#8221;no&#8221;][vc_column_text]<\/p>\n<h2 style=\"text-align: right;\">Quarto Duplo Deluxe com Vista Canal<\/h2>\n<p>[\/vc_column_text][vc_empty_space height=&#8221;20px&#8221;][vc_column_text]<\/p>\n<p style=\"text-align: right;\">Quarto acolhedor com cerca de 17 metros quadrados, equipado com todo o conforto, com cama de casal (160 x 190 cm) ou, a pedido, duas camas separadas (80 x 190 cm) e casa de banho privada com banheira\/duche, secador de cabelo e linha de produtos de higiene, roupeiro, telefone , wi-fi, cofre, TV sat\u00e9lite, secret\u00e1ria, chaleira com uma vasta escolha de ch\u00e1s e caf\u00e9s, minibar, ar condicionado e aquecimento independentes. Possibilidade de solicitar um ber\u00e7o gratuito para o seu filho at\u00e9 aos 2 anos, mediante pedido na rece\u00e7\u00e3o.<\/p>\n<p>[\/vc_column_text][\/qode_elements_holder_item][\/qode_elements_holder][\/vc_column][\/vc_row][vc_row css_animation=&#8221;&#8221; row_type=&#8221;row&#8221; use_row_as_full_screen_section=&#8221;no&#8221; type=&#8221;grid&#8221; angled_section=&#8221;no&#8221; text_align=&#8221;left&#8221; background_image_as_pattern=&#8221;without_pattern&#8221; background_color=&#8221;#eaeaea&#8221; padding_top=&#8221;40&#8243; padding_bottom=&#8221;40&#8243; z_index=&#8221;&#8221;][vc_column][qode_elements_holder number_of_columns=&#8221;two_columns&#8221;][qode_elements_holder_item item_padding=&#8221;20px 20px 20px 20px&#8221; vertical_alignment=&#8221;middle&#8221; advanced_animations=&#8221;no&#8221;][vc_column_text]<\/p>\n<h2 style=\"text-align: left;\">Triplo<\/h2>\n<p>[\/vc_column_text][vc_empty_space height=&#8221;20px&#8221;][vc_column_text]Quarto acolhedor com cerca de 19 metros quadrados com vista para o nosso jardim privativo ou para o p\u00e1tio da entrada, equipado com todo o conforto com cama matrimonial (160 x 190 cm) e individual (80 X 190 cm) ou, a pedido, tr\u00eas camas separadas (80 X 190 cm) e casa de banho privada com banheira\/duche, secador de cabelo e linha de produtos de higiene, roupeiro, telefone, wi-fi, cofre, TV sat\u00e9lite, secret\u00e1ria, chaleira com uma vasta escolha de ch\u00e1s e caf\u00e9s, minibar, ar condicionado e aquecimento independentes. Possibilidade de solicitar um ber\u00e7o gratuito para o seu filho at\u00e9 aos 2 anos, mediante pedido na rece\u00e7\u00e3o.[\/vc_column_text][\/qode_elements_holder_item][qode_elements_holder_item item_padding=&#8221;20px 20px 20px 20px&#8221; vertical_alignment=&#8221;middle&#8221; advanced_animations=&#8221;no&#8221;][vc_gallery interval=&#8221;0&#8243; images=&#8221;415,440,450,455,71&#8243; img_size=&#8221;600&#215;400&#8243; onclick=&#8221;img_link_large&#8221;][\/qode_elements_holder_item][\/qode_elements_holder][\/vc_column][\/vc_row][vc_row css_animation=&#8221;&#8221; row_type=&#8221;row&#8221; use_row_as_full_screen_section=&#8221;no&#8221; type=&#8221;grid&#8221; angled_section=&#8221;no&#8221; text_align=&#8221;left&#8221; background_image_as_pattern=&#8221;without_pattern&#8221; padding_top=&#8221;40&#8243; padding_bottom=&#8221;40&#8243; z_index=&#8221;&#8221;][vc_column][qode_elements_holder number_of_columns=&#8221;two_columns&#8221;][qode_elements_holder_item item_padding=&#8221;20px 20px 20px 20px&#8221; vertical_alignment=&#8221;middle&#8221; advanced_animations=&#8221;no&#8221;][vc_gallery interval=&#8221;0&#8243; images=&#8221;64,65,67,66&#8243; img_size=&#8221;400&#215;300&#8243;][\/qode_elements_holder_item][qode_elements_holder_item item_padding=&#8221;20px 20px 20px 20px&#8221; vertical_alignment=&#8221;middle&#8221; advanced_animations=&#8221;no&#8221;][vc_column_text]<\/p>\n<h2 style=\"text-align: right;\">Qu\u00e1druplo<\/h2>\n<p>[\/vc_column_text][vc_empty_space height=&#8221;20px&#8221;][vc_column_text]<\/p>\n<p style=\"text-align: right;\">Quarto acolhedor com cerca de 23 metros quadrados com vista para o nosso jardim privativo, equipado com todo o conforto, com cama de casal (160 X 190 cm) e 2 camas individuais (80 X 190 cm) ou quatro camas separadas (80 X 190 cm) a pedido e casa de banho privada com banheira\/duche, secador de cabelo e linha de produtos de higiene, roupeiro, telefone, wi-fi, cofre, TV sat\u00e9lite, secret\u00e1ria, chaleira com uma vasta escolha de ch\u00e1s e caf\u00e9s, minibar, ar condicionado e aquecimento independentes. Possibilidade de solicitar um ber\u00e7o gratuito para o seu filho at\u00e9 aos 2 anos, mediante pedido na rece\u00e7\u00e3o.<\/p>\n<p>[\/vc_column_text][\/qode_elements_holder_item][\/qode_elements_holder][\/vc_column][\/vc_row]<\/p>\n<\/div>","protected":false},"excerpt":{"rendered":"<p>[vc_row css_animation=&#8221;&#8221; row_type=&#8221;row&#8221; use_row_as_full_screen_section=&#8221;no&#8221; type=&#8221;full_width&#8221; angled_section=&#8221;no&#8221; text_align=&#8221;left&#8221; background_image_as_pattern=&#8221;without_pattern&#8221; z_index=&#8221;&#8221;][vc_column][\/vc_column][\/vc_row][vc_row css_animation=&#8221;&#8221; row_type=&#8221;row&#8221; use_row_as_full_screen_section=&#8221;no&#8221; type=&#8221;grid&#8221; angled_section=&#8221;no&#8221; text_align=&#8221;left&#8221; background_image_as_pattern=&#8221;without_pattern&#8221; padding_top=&#8221;50&#8243; padding_bottom=&#8221;50&#8243; z_index=&#8221;&#8221;][vc_column][vc_column_text] Os Quartos [\/vc_column_text][\/vc_column][\/vc_row][vc_row css_animation=&#8221;&#8221; row_type=&#8221;row&#8221; use_row_as_full_screen_section=&#8221;no&#8221; type=&#8221;grid&#8221; angled_section=&#8221;no&#8221; text_align=&#8221;left&#8221; background_image_as_pattern=&#8221;without_pattern&#8221; padding_bottom=&#8221;40&#8243; z_index=&#8221;&#8221;][vc_column][qode_elements_holder number_of_columns=&#8221;two_columns&#8221;][qode_elements_holder_item item_padding=&#8221;20px 20px 20px 20px&#8221; vertical_alignment=&#8221;middle&#8221; advanced_animations=&#8221;no&#8221;][vc_column_text]O Hotel oferece diferentes tipos de acomoda\u00e7\u00f5es para&#8230;<\/p>\n","protected":false},"author":1,"featured_media":0,"parent":0,"menu_order":0,"comment_status":"closed","ping_status":"closed","template":"full_width.php","meta":{"footnotes":""},"class_list":["post-607","page","type-page","status-publish","hentry"],"aioseo_notices":[],"_links":{"self":[{"href":"https:\/\/www.hotelpausania.it\/pt-pt\/wp-json\/wp\/v2\/pages\/607","targetHints":{"allow":["GET"]}}],"collection":[{"href":"https:\/\/www.hotelpausania.it\/pt-pt\/wp-json\/wp\/v2\/pages"}],"about":[{"href":"https:\/\/www.hotelpausania.it\/pt-pt\/wp-json\/wp\/v2\/types\/page"}],"author":[{"embeddable":true,"href":"https:\/\/www.hotelpausania.it\/pt-pt\/wp-json\/wp\/v2\/users\/1"}],"replies":[{"embeddable":true,"href":"https:\/\/www.hotelpausania.it\/pt-pt\/wp-json\/wp\/v2\/comments?post=607"}],"version-history":[{"count":2,"href":"https:\/\/www.hotelpausania.it\/pt-pt\/wp-json\/wp\/v2\/pages\/607\/revisions"}],"predecessor-version":[{"id":610,"href":"https:\/\/www.hotelpausania.it\/pt-pt\/wp-json\/wp\/v2\/pages\/607\/revisions\/610"}],"wp:attachment":[{"href":"https:\/\/www.hotelpausania.it\/pt-pt\/wp-json\/wp\/v2\/media?parent=607"}],"curies":[{"name":"wp","href":"https:\/\/api.w.org\/{rel}","templated":true}]}}