{"id":619,"date":"2018-03-29T16:19:37","date_gmt":"2018-03-29T14:19:37","guid":{"rendered":"https:\/\/www.hotelpausania.it\/posizione\/"},"modified":"2022-02-17T11:30:06","modified_gmt":"2022-02-17T10:30:06","slug":"posizione","status":"publish","type":"page","link":"https:\/\/www.hotelpausania.it\/pt-pt\/posizione\/","title":{"rendered":"LOCALIZA\u00c7\u00c3O"},"content":{"rendered":"<div class=\"wpb-content-wrapper\"><p>[vc_row css_animation=&#8221;&#8221; row_type=&#8221;row&#8221; use_row_as_full_screen_section=&#8221;no&#8221; type=&#8221;full_width&#8221; angled_section=&#8221;no&#8221; text_align=&#8221;left&#8221; background_image_as_pattern=&#8221;without_pattern&#8221; z_index=&#8221;&#8221;][vc_column][vc_column_text]<div class=\"wpgmp_map_container wpgmp-map-provider-google wpgmp-map-1\" rel=\"map1\" data-plugin-version=\"4.8.6\"><div class=\"wpgmp_map_parent\"><div class=\"wpgmp_map \" style=\"width:100%; height:800px;\" id=\"map1\" data-map-id=\"1\"><\/div><\/div><\/div><script>jQuery(document).ready(function($){ window.wpgmp = window.wpgmp || {}; window.wpgmp.mapdata1 = \"eyJhdXRvc29ydCI6dHJ1ZSwibWFwX29wdGlvbnMiOnsiY2VudGVyX2xhdCI6IjQ1LjQzMjk5NCIsImNlbnRlcl9sbmciOiIxMi4zMjM0MTYiLCJ6b29tIjoxNSwibWFwX3R5cGVfaWQiOiJST0FETUFQIiwiY2VudGVyX2J5X25lYXJlc3QiOmZhbHNlLCJmaXRfYm91bmRzIjpmYWxzZSwic2hvd19jZW50ZXJfY2lyY2xlIjpmYWxzZSwic2hvd19jZW50ZXJfbWFya2VyIjpmYWxzZSwiY2VudGVyX21hcmtlcl9pY29uIjoiaHR0cHM6XC9cL3d3dy5ob3RlbHBhdXNhbmlhLml0XC93cC1jb250ZW50XC9wbHVnaW5zXC93cC1nb29nbGUtbWFwLXBsdWdpblwvYXNzZXRzXC9pbWFnZXNcL1wvZGVmYXVsdF9tYXJrZXIucG5nIiwiZHJhZ2dhYmxlIjp0cnVlLCJzY3JvbGxfd2hlZWwiOiJmYWxzZSIsIm1hcmtlcl9kZWZhdWx0X2ljb24iOiJodHRwczpcL1wvd3d3LmhvdGVscGF1c2FuaWEuaXRcL3dwLWNvbnRlbnRcL3BsdWdpbnNcL3dwLWdvb2dsZS1tYXAtcGx1Z2luXC9hc3NldHNcL2ltYWdlc1wvXC9kZWZhdWx0X21hcmtlci5wbmciLCJpbmZvd2luZG93X3NraW4iOnsibmFtZSI6ImRlZmF1bHQiLCJ0eXBlIjoiaW5mb3dpbmRvdyJ9LCJpbmZvd2luZG93X2Ryb3BfYW5pbWF0aW9uIjpmYWxzZSwiY2xvc2VfaW5mb3dpbmRvd19vbl9tYXBfY2xpY2siOmZhbHNlLCJkZWZhdWx0X2luZm93aW5kb3dfb3BlbiI6ZmFsc2UsImluZm93aW5kb3dfb3Blbl9ldmVudCI6ImNsaWNrIiwibGlzdGluZ19pbmZvd2luZG93X29wZW5fZXZlbnQiOiJjbGljayIsImlzX21vYmlsZSI6ZmFsc2UsImluZm93aW5kb3dfZmlsdGVyX29ubHkiOmZhbHNlLCJpbmZvd2luZG93X2NsaWNrX2NoYW5nZV9jZW50ZXIiOmZhbHNlLCJmdWxsX3NjcmVlbl9jb250cm9sIjp0cnVlLCJjYW1lcmFfY29udHJvbCI6ZmFsc2UsInNlYXJjaF9jb250cm9sIjp0cnVlLCJ6b29tX2NvbnRyb2wiOnRydWUsIm1hcF90eXBlX2NvbnRyb2wiOnRydWUsInN0cmVldF92aWV3X2NvbnRyb2wiOnRydWUsImxvY2F0ZW1lX2NvbnRyb2wiOmZhbHNlLCJtb2JpbGVfc3BlY2lmaWMiOmZhbHNlLCJ6b29tX21vYmlsZSI6NSwiZHJhZ2dhYmxlX21vYmlsZSI6dHJ1ZSwic2Nyb2xsX3doZWVsX21vYmlsZSI6dHJ1ZSwiZnVsbF9zY3JlZW5fY29udHJvbF9wb3NpdGlvbiI6IlJJR0hUX0NFTlRFUiIsInpvb21fY29udHJvbF9wb3NpdGlvbiI6IkxFRlRfQ0VOVEVSIiwibWFwX3R5cGVfY29udHJvbF9wb3NpdGlvbiI6IlJJR0hUX0NFTlRFUiIsIm1hcF90eXBlX2NvbnRyb2xfc3R5bGUiOiJIT1JJWk9OVEFMX0JBUiIsInN0cmVldF92aWV3X2NvbnRyb2xfcG9zaXRpb24iOiJMRUZUX0NFTlRFUiIsIm1hcF9pbmZvd2luZG93X2N1c3RvbWlzYXRpb25zIjpmYWxzZSwiaW5mb3dpbmRvd193aWR0aCI6IjEwMCUiLCJzaG93X2luZm93aW5kb3dfaGVhZGVyIjpmYWxzZSwiem9vbV9sZXZlbF9hZnRlcl9zZWFyY2giOjEwLCJkb3VibGVjbGlja3pvb20iOmZhbHNlLCJjdXJyZW50X3Bvc3Rfb25seSI6ZmFsc2UsImFkdmFuY2VfdGVtcGxhdGUiOmZhbHNlLCJtYXBfdGlsZV91cmwiOiJodHRwczpcL1wve3N9LnRpbGUub3BlbnN0cmVldG1hcC5vcmdcL3t6fVwve3h9XC97eX0ucG5nIiwib3BlbnN0cmVldF9zdHlsZXMiOnsiT3BlblN0cmVldE1hcC5NYXBuaWsiOiJodHRwczpcL1wve3N9LnRpbGUub3BlbnN0cmVldG1hcC5vcmdcL3t6fVwve3h9XC97eX0ucG5nIiwiT3BlblN0cmVldE1hcC5ERSI6Imh0dHBzOlwvXC97c30udGlsZS5vcGVuc3RyZWV0bWFwLmRlXC90aWxlc1wvb3NtZGVcL3t6fVwve3h9XC97eX0ucG5nIiwiT3BlblN0cmVldE1hcC5DSCI6Imh0dHBzOlwvXC90aWxlLm9zbS5jaFwvc3dpdHplcmxhbmRcL3t6fVwve3h9XC97eX0ucG5nIiwiT3BlblN0cmVldE1hcC5GcmFuY2UiOiJodHRwczpcL1wve3N9LnRpbGUub3BlbnN0cmVldG1hcC5mclwvb3NtZnJcL3t6fVwve3h9XC97eX0ucG5nIiwiT3BlblN0cmVldE1hcC5IT1QiOiJodHRwczpcL1wve3N9LnRpbGUub3BlbnN0cmVldG1hcC5mclwvaG90XC97en1cL3t4fVwve3l9LnBuZyIsIk9wZW5TdHJlZXRNYXAuQlpIIjoiaHR0cHM6XC9cL3RpbGUub3BlbnN0cmVldG1hcC5iemhcL2JyXC97en1cL3t4fVwve3l9LnBuZyIsIk9wZW5Ub3BvTWFwIjoiaHR0cHM6XC9cL3tzfS50aWxlLm9wZW50b3BvbWFwLm9yZ1wve3p9XC97eH1cL3t5fS5wbmciLCJUaHVuZGVyZm9yZXN0Lk9wZW5DeWNsZU1hcCI6Imh0dHBzOlwvXC9kZXYue3N9LnRpbGUub3BlbnN0cmVldG1hcC5mclwvY3ljbG9zbVwve3p9XC97eH1cL3t5fS5wbmciLCJPcGVuTWFwU3VyZmVyLlJvYWRzIjoiaHR0cHM6XC9cL21hcHMuaGVpZ2l0Lm9yZ1wvb3Blbm1hcHN1cmZlclwvdGlsZXNcL3JvYWRzXC93ZWJtZXJjYXRvclwve3p9XC97eH1cL3t5fS5wbmcifSwib3BlbnN0cmVldF9zdHlsZXNfbWFya3VwIjoiPHNlbGVjdCBjbGFzcz1cIndwb21wX21hcF90eXBlXCI+PG9wdGlvbiB2YWx1ZT1cIk9wZW5TdHJlZXRNYXAuTWFwbmlrXCI+T3BlblN0cmVldE1hcC5NYXBuaWs8XC9vcHRpb24+PG9wdGlvbiB2YWx1ZT1cIk9wZW5TdHJlZXRNYXAuREVcIj5PcGVuU3RyZWV0TWFwLkRFPFwvb3B0aW9uPjxvcHRpb24gdmFsdWU9XCJPcGVuU3RyZWV0TWFwLkNIXCI+T3BlblN0cmVldE1hcC5DSDxcL29wdGlvbj48b3B0aW9uIHZhbHVlPVwiT3BlblN0cmVldE1hcC5GcmFuY2VcIj5PcGVuU3RyZWV0TWFwLkZyYW5jZTxcL29wdGlvbj48b3B0aW9uIHZhbHVlPVwiT3BlblN0cmVldE1hcC5IT1RcIj5PcGVuU3RyZWV0TWFwLkhPVDxcL29wdGlvbj48b3B0aW9uIHZhbHVlPVwiT3BlblN0cmVldE1hcC5CWkhcIj5PcGVuU3RyZWV0TWFwLkJaSDxcL29wdGlvbj48b3B0aW9uIHZhbHVlPVwiT3BlblRvcG9NYXBcIj5PcGVuVG9wb01hcDxcL29wdGlvbj48b3B0aW9uIHZhbHVlPVwiVGh1bmRlcmZvcmVzdC5PcGVuQ3ljbGVNYXBcIj5UaHVuZGVyZm9yZXN0Lk9wZW5DeWNsZU1hcDxcL29wdGlvbj48b3B0aW9uIHZhbHVlPVwiT3Blbk1hcFN1cmZlci5Sb2Fkc1wiPk9wZW5NYXBTdXJmZXIuUm9hZHM8XC9vcHRpb24+PFwvc2VsZWN0PiIsIm1hcF9ib3hfc3R5bGVzX21hcmt1cCI6IjxzZWxlY3QgY2xhc3M9XCJ3cG9tcF9tYXBib3hfdHlwZVwiPjxvcHRpb24gdmFsdWU9XCJzdHJlZXRzLXYxMVwiPlN0cmVldHM8XC9vcHRpb24+PG9wdGlvbiB2YWx1ZT1cImxpZ2h0LXYxMFwiPkxpZ2h0PFwvb3B0aW9uPjxvcHRpb24gdmFsdWU9XCJkYXJrLXYxMFwiPkRhcms8XC9vcHRpb24+PG9wdGlvbiB2YWx1ZT1cIm91dGRvb3JzLXYxMVwiPk91dGRvb3JzPFwvb3B0aW9uPjxvcHRpb24gdmFsdWU9XCJzYXRlbGxpdGUtdjlcIj5TYXRlbGxpdGU8XC9vcHRpb24+PFwvc2VsZWN0PiIsImJvdW5kX21hcF9hZnRlcl9maWx0ZXIiOmZhbHNlLCJkaXNwbGF5X3Jlc2V0X2J1dHRvbiI6ZmFsc2UsIm1hcF9yZXNldF9idXR0b25fdGV4dCI6IlJlc2V0IiwiaGVpZ2h0IjoiODAwIiwidGlsZXNfcHJvdmlkZXIiOiJvcGVuc3RyZWV0In0sInBsYWNlcyI6W3siaWQiOiIxIiwidGl0bGUiOiJIb3RlbCBQYXVzYW5pYSIsInNvdXJjZSI6Im1hbnVhbCIsImxvY2F0aW9uIjp7Imljb24iOiJodHRwczpcL1wvd3d3LmhvdGVscGF1c2FuaWEuaXRcL3dwLWNvbnRlbnRcL3BsdWdpbnNcL3dwLWdvb2dsZS1tYXAtcGx1Z2luXC9hc3NldHNcL2ltYWdlc1wvXC9kZWZhdWx0X21hcmtlci5wbmciLCJsYXQiOiI0NS40MzI5OTQiLCJsbmciOiIxMi4zMjM0MTYiLCJvbmNsaWNrX2FjdGlvbiI6Im1hcmtlciIsIm1hcmtlcl9pbWFnZSI6IjxkaXYgY2xhc3M9J2ZjLWZlYXR1cmUtaW1nJz48aW1nIGxvYWRpbmc9J2xhenknIGRlY29kaW5nPSdhc3luYycgYWx0PSdIb3RlbCBQYXVzYW5pYScgc3JjPSdodHRwczpcL1wvd3d3LmhvdGVscGF1c2FuaWEuaXRcL3dwLWNvbnRlbnRcL3BsdWdpbnNcL3dwLWdvb2dsZS1tYXAtcGx1Z2luXC9hc3NldHNcL2ltYWdlc1wvc2FtcGxlLmpwZycgY2xhc3M9J3dwZ21wX21hcmtlcl9pbWFnZSBmYy1pdGVtLWZlYXR1cmVkX2ltYWdlIGZjLWl0ZW0tbGFyZ2UnIFwvPjxcL2Rpdj4iLCJvcGVuX25ld190YWIiOiJ5ZXMiLCJhbmltYXRpb24iOiJCT1VOQ0UiLCJpbmZvd2luZG93X2Rpc2FibGUiOnRydWUsInpvb20iOjUsImV4dHJhX2ZpZWxkcyI6eyJsaXN0b3JkZXIiOjB9fX1dLCJtYXBfcHJvcGVydHkiOnsibWFwX2lkIjoiMSJ9LCJzaGFwZXMiOnsiZHJhd2luZ19lZGl0YWJsZSI6ZmFsc2V9LCJmaWx0ZXJzIjp7ImZpbHRlcnNfY29udGFpbmVyIjoiW2RhdGEtY29udGFpbmVyPVwid3BnbXAtZmlsdGVycy1jb250YWluZXJcIl0ifSwiZ2xvYmFsX3NldHRpbmdzIjpmYWxzZSwicHJvdmlkZXIiOiJnb29nbGUiLCJhcGlLZXkiOiIifQ==\"; });<\/script>[\/vc_column_text][\/vc_column][\/vc_row][vc_row css_animation=&#8221;&#8221; row_type=&#8221;row&#8221; use_row_as_full_screen_section=&#8221;no&#8221; type=&#8221;grid&#8221; angled_section=&#8221;no&#8221; text_align=&#8221;left&#8221; background_image=&#8221;158&#8243; background_image_as_pattern=&#8221;without_pattern&#8221; padding_top=&#8221;50&#8243; padding_bottom=&#8221;50&#8243; z_index=&#8221;&#8221;][vc_column][vc_column_text]<\/p>\n<h1 style=\"text-align: center;\">Localiza\u00e7\u00e3o<\/h1>\n<p>[\/vc_column_text][vc_empty_space height=&#8221;20px&#8221;][vc_column_text]O Hotel Pausania est\u00e1 localizado entre a Accademia e o Campo Santa Margherita, ao longo da Fondamenta Gerardini, entre a Ponte dei Pugni e a Ponte delle Pazienze, apenas a 5 minutos a p\u00e9 da paragem do barco p\u00fablico, o vaporetto de Ca &#8216;Rezzonico, de onde pode chegar facilmente sem ter que atravessar qualquer ponte, seguindo a Calle del Traghetto at\u00e9 Campo San Barnaba e depois seguindo o canal \u00e0 sua direita (Rio di San Barnaba).[\/vc_column_text][\/vc_column][\/vc_row][vc_row css_animation=&#8221;&#8221; row_type=&#8221;row&#8221; use_row_as_full_screen_section=&#8221;no&#8221; type=&#8221;grid&#8221; anchor=&#8221;#come-raggiungere&#8221; angled_section=&#8221;no&#8221; text_align=&#8221;left&#8221; background_image_as_pattern=&#8221;without_pattern&#8221; padding_top=&#8221;30&#8243; padding_bottom=&#8221;30&#8243;][vc_column][vc_column_text]<\/p>\n<h2>COMO CHEGAR AO HOTEL PAUSANIA:<\/h2>\n<p>[\/vc_column_text][\/vc_column][\/vc_row][vc_row css_animation=&#8221;&#8221; row_type=&#8221;row&#8221; use_row_as_full_screen_section=&#8221;no&#8221; type=&#8221;grid&#8221; angled_section=&#8221;no&#8221; text_align=&#8221;left&#8221; background_image_as_pattern=&#8221;without_pattern&#8221; padding_bottom=&#8221;30&#8243;][vc_column width=&#8221;1\/6&#8243;]<span data-type=\"circle\" data-hover-bg-color=\"#ac9460\" data-hover-icon-color=\"#ffffff\" class=\"qode_icon_shortcode fa-stack q_font_awsome_icon_stack fa-4x pull-center \" style=\"font-size: 40px;font-size: 50px; \"><i class=\"fa fa-circle fa-stack-base fa-stack-2x\" style=\"color: #ac9460;\"><\/i><i class=\"qode_icon_font_awesome fa fa-plane qode_icon_element fa-stack-1x\" style=\"font-size: 40px;color: #ffffff;\" ><\/i><\/span>[\/vc_column][vc_column width=&#8221;5\/6&#8243;][vc_empty_space height=&#8221;5px&#8221;][vc_column_text]<\/p>\n<h3>DO AEROPORTO MARCO POLO DE VENEZA<\/h3>\n<p>[\/vc_column_text][vc_empty_space height=&#8221;15px&#8221;][vc_column_text]Transporte privado<br \/>\nT\u00e1xi aqu\u00e1tico: lancha que parte diretamente do cais do aeroporto para o Campo San Barnaba (a 100 metros a p\u00e9 do nosso hotel)<br \/>\nT\u00e1xi-viatura: do aeroporto ao porto de San Basilio (a 500 metros a p\u00e9 do nosso hotel)<br \/>\nPara mais informa\u00e7\u00f5es e reservas, por favor contacte diretamente a nossa rece\u00e7\u00e3o<\/p>\n<p>Transporte P\u00fablico<br \/>\nBarco Alilaguna at\u00e9 \u00e0 paragem Ca&#8217; Rezzonico<br \/>\nAutocarro ACTV (linha 5) ou ATVO at\u00e9 \u00e0 Piazzale Roma e depois o barco da linha 1 at\u00e9 \u00e0 paragem Ca&#8217; Rezzonico[\/vc_column_text][\/vc_column][\/vc_row][vc_row css_animation=&#8221;&#8221; row_type=&#8221;row&#8221; use_row_as_full_screen_section=&#8221;no&#8221; type=&#8221;grid&#8221; angled_section=&#8221;no&#8221; text_align=&#8221;left&#8221; background_image_as_pattern=&#8221;without_pattern&#8221; padding_top=&#8221;30&#8243; padding_bottom=&#8221;30&#8243; z_index=&#8221;&#8221;][vc_column width=&#8221;1\/6&#8243;]<span data-type=\"circle\" data-hover-bg-color=\"#ac9460\" data-hover-icon-color=\"#ffffff\" class=\"qode_icon_shortcode fa-stack q_font_awsome_icon_stack fa-4x pull-center \" style=\"font-size: 40px;font-size: 50px; \"><i class=\"fa fa-circle fa-stack-base fa-stack-2x\" style=\"color: #ac9460;\"><\/i><i class=\"qode_icon_font_awesome fa fa-plane qode_icon_element fa-stack-1x\" style=\"font-size: 40px;color: #ffffff;\" ><\/i><\/span>[\/vc_column][vc_column width=&#8221;5\/6&#8243;][vc_empty_space height=&#8221;5px&#8221;][vc_column_text]<\/p>\n<h3>DO AEROPORTO CANOVA DE TREVISO:<\/h3>\n<p>[\/vc_column_text][vc_empty_space height=&#8221;15px&#8221;][vc_column_text]Transporte privado<br \/>\nT\u00e1xi-viatura: do aeroporto ao porto de San Basilio (a 500 metros a p\u00e9 do nosso hotel)<br \/>\nPara mais informa\u00e7\u00f5es e reservas, por favor contacte diretamente a nossa rece\u00e7\u00e3o<\/p>\n<p>Transporte P\u00fablico<br \/>\nAutocarro da linha BARZI SERVICE at\u00e9 Tronchetto e depois o barco da linha 2 at\u00e9 \u00e0 paragem San Basilio<br \/>\nAutocarro ACTV at\u00e9 \u00e0 Piazzale Roma e depois o barco da linha 1 at\u00e9 \u00e0 paragem Ca&#8217; Rezzonico[\/vc_column_text][\/vc_column][\/vc_row][vc_row css_animation=&#8221;&#8221; row_type=&#8221;row&#8221; use_row_as_full_screen_section=&#8221;no&#8221; type=&#8221;grid&#8221; angled_section=&#8221;no&#8221; text_align=&#8221;left&#8221; background_image_as_pattern=&#8221;without_pattern&#8221; padding_top=&#8221;30&#8243; padding_bottom=&#8221;30&#8243; z_index=&#8221;&#8221;][vc_column width=&#8221;1\/6&#8243;]<span data-type=\"circle\" data-hover-bg-color=\"#ac9460\" data-hover-icon-color=\"#ffffff\" class=\"qode_icon_shortcode fa-stack q_font_awsome_icon_stack fa-4x pull-center \" style=\"font-size: 40px;font-size: 50px; \"><i class=\"fa fa-circle fa-stack-base fa-stack-2x\" style=\"color: #ac9460;\"><\/i><i class=\"qode_icon_font_awesome fa fa-car qode_icon_element fa-stack-1x\" style=\"font-size: 40px;color: #ffffff;\" ><\/i><\/span>[\/vc_column][vc_column width=&#8221;5\/6&#8243;][vc_empty_space height=&#8221;5px&#8221;][vc_column_text]<\/p>\n<h3>PIAZZALE ROMA (TERMINAL DE AUTOCARROS E ESTACIONAMENTO MUNICIPAL E SAN MARCO)<\/h3>\n<p>[\/vc_column_text][vc_empty_space height=&#8221;15px&#8221;][vc_column_text]Pode chegar ao Hotel Pausania em 15 minutos a p\u00e9 desde a Piazzale Roma ou ent\u00e3o, sugerimos que apanhe o barco p\u00fablico ACTV linha 1 e saia na paragem Ca&#8217; Rezzonico.<br \/>\nSe chegar a Veneza de carro pode estacionar num dos estacionamentos p\u00fablicos na Piazzale Roma ou em Tronchetto, o nosso hotel tem um acordo com os estacionamentos San Marco e Tronchetto para que os nossos h\u00f3spedes possam obter um desconto de 10% sobre as tarifas atuais: pe\u00e7a \u00e0 nossa equipe o cup\u00e3o que deve apresentar na caixa do estacionamento antes de partir do hotel.<\/p>\n<p>Os servi\u00e7os de transfer para o hotel podem ser organizados em lancha desde a Piazzale Roma ou de Tronchetto. Para mais informa\u00e7\u00f5es, entre em contato com nossa rece\u00e7\u00e3o.[\/vc_column_text][\/vc_column][\/vc_row][vc_row css_animation=&#8221;&#8221; row_type=&#8221;row&#8221; use_row_as_full_screen_section=&#8221;no&#8221; type=&#8221;grid&#8221; angled_section=&#8221;no&#8221; text_align=&#8221;left&#8221; background_image_as_pattern=&#8221;without_pattern&#8221; padding_top=&#8221;30&#8243; padding_bottom=&#8221;30&#8243; z_index=&#8221;&#8221;][vc_column width=&#8221;1\/6&#8243;]<span data-type=\"circle\" data-hover-bg-color=\"#ac9460\" data-hover-icon-color=\"#ffffff\" class=\"qode_icon_shortcode fa-stack q_font_awsome_icon_stack fa-4x pull-center \" style=\"font-size: 40px;font-size: 50px; \"><i class=\"fa fa-circle fa-stack-base fa-stack-2x\" style=\"color: #ac9460;\"><\/i><i class=\"qode_icon_font_awesome fa fa-train qode_icon_element fa-stack-1x\" style=\"font-size: 40px;color: #ffffff;\" ><\/i><\/span>[\/vc_column][vc_column width=&#8221;5\/6&#8243;][vc_empty_space height=&#8221;5px&#8221;][vc_column_text]<\/p>\n<h3>ESTA\u00c7\u00c3O FERROVI\u00c1RIA DE SANTA LUCIA<\/h3>\n<p>[\/vc_column_text][vc_empty_space height=&#8221;15px&#8221;][vc_column_text]Pode chegar ao Hotel Pausania desde a esta\u00e7\u00e3o de comboios Santa Lucia em cerca de 20 minutos a p\u00e9, ou ent\u00e3o, sugerimos que pegue o barco p\u00fablico da linha 1 ACTV e des\u00e7a na paragem Ca&#8217; Rezzonico.[\/vc_column_text][\/vc_column][\/vc_row][vc_row css_animation=&#8221;&#8221; row_type=&#8221;row&#8221; use_row_as_full_screen_section=&#8221;no&#8221; type=&#8221;grid&#8221; angled_section=&#8221;no&#8221; text_align=&#8221;left&#8221; background_image_as_pattern=&#8221;without_pattern&#8221; padding_top=&#8221;30&#8243; padding_bottom=&#8221;40&#8243; z_index=&#8221;&#8221;][vc_column width=&#8221;1\/6&#8243;]<span data-type=\"circle\" data-hover-bg-color=\"#ac9460\" data-hover-icon-color=\"#ffffff\" class=\"qode_icon_shortcode fa-stack q_font_awsome_icon_stack fa-4x pull-center \" style=\"font-size: 40px;font-size: 50px; \"><i class=\"fa fa-circle fa-stack-base fa-stack-2x\" style=\"color: #ac9460;\"><\/i><i class=\"qode_icon_font_awesome fa fa-ship qode_icon_element fa-stack-1x\" style=\"font-size: 40px;color: #ffffff;\" ><\/i><\/span>[\/vc_column][vc_column width=&#8221;5\/6&#8243;][vc_empty_space height=&#8221;5px&#8221;][vc_column_text]<\/p>\n<h3>ESTA\u00c7\u00c3O MAR\u00cdTIMA &#8211; TERMINAL DE CRUZEIROS<\/h3>\n<p>[\/vc_column_text][vc_empty_space height=&#8221;15px&#8221;][vc_column_text]Pode chegar ao Hotel Pausania a partir do terminal de cruzeiros por transfer privado de lancha ou de transporte p\u00fablico com o People Mover at\u00e9 \u00e0 Piazzale Roma (depois siga as instru\u00e7\u00f5es no par\u00e1grafo correspondente) ou de barco, com o vaporetto Alilaguna, linha azul, at\u00e9 \u00e0 paragem Zattere, que fica a 10 minutos a p\u00e9.[\/vc_column_text][\/vc_column][\/vc_row][vc_row css_animation=&#8221;&#8221; row_type=&#8221;row&#8221; use_row_as_full_screen_section=&#8221;no&#8221; type=&#8221;full_width&#8221; angled_section=&#8221;no&#8221; text_align=&#8221;left&#8221; background_image_as_pattern=&#8221;without_pattern&#8221; padding_top=&#8221;30&#8243; z_index=&#8221;&#8221;][vc_column]<div class=\"call_to_action with_icon\" style=\"background-color: #ac9460;padding-top: 50px;padding-bottom: 50px;\"><div class=\"container_inner\"><div class=\"two_columns_75_25 clearfix\"><div class=\"text_wrapper column1\"><div class=\"call_to_action_icon_holder\"><div class=\"call_to_action_icon\"><div class=\"call_to_action_icon_inner\"><i class='fa fa-file-pdf-o pull-left . fa-3x'><\/i><\/div><\/div><\/div><div class=\"call_to_action_text  font_size_inherit font_weight_inherit\" style=\"font-size:26px;font-weight: 400;\">\n<p style=\"text-align: center;\"><span style=\"color: #ffffff;\"><strong>Baixe o mapa em PDF.<\/strong><\/span><\/p>\n<\/div><\/div><div class=\"button_wrapper column2\"><a itemprop=\"url\" href=\"https:\/\/www.hotelpausania.it\/wp-content\/uploads\/2018\/08\/pausania_map_IT.pdf\" class=\"qbutton white large\" target=\"_blank\" style=\"background-color: #aaa185;\" data-hover-background-color=#aaa185 >Scarica<\/a><\/div><\/div><\/div><\/div>[\/vc_column][\/vc_row]<\/p>\n<\/div>","protected":false},"excerpt":{"rendered":"<p>[vc_row css_animation=&#8221;&#8221; row_type=&#8221;row&#8221; use_row_as_full_screen_section=&#8221;no&#8221; type=&#8221;full_width&#8221; angled_section=&#8221;no&#8221; text_align=&#8221;left&#8221; background_image_as_pattern=&#8221;without_pattern&#8221; z_index=&#8221;&#8221;][vc_column][vc_column_text][\/vc_column_text][\/vc_column][\/vc_row][vc_row css_animation=&#8221;&#8221; row_type=&#8221;row&#8221; use_row_as_full_screen_section=&#8221;no&#8221; type=&#8221;grid&#8221; angled_section=&#8221;no&#8221; text_align=&#8221;left&#8221; background_image=&#8221;158&#8243; background_image_as_pattern=&#8221;without_pattern&#8221; padding_top=&#8221;50&#8243; padding_bottom=&#8221;50&#8243; z_index=&#8221;&#8221;][vc_column][vc_column_text] Localiza\u00e7\u00e3o [\/vc_column_text][vc_empty_space height=&#8221;20px&#8221;][vc_column_text]O Hotel Pausania est\u00e1 localizado entre a Accademia e o Campo Santa Margherita, ao longo da Fondamenta Gerardini, entre a Ponte dei Pugni&#8230;<\/p>\n","protected":false},"author":1,"featured_media":0,"parent":0,"menu_order":0,"comment_status":"closed","ping_status":"closed","template":"full_width.php","meta":{"footnotes":""},"class_list":["post-619","page","type-page","status-publish","hentry"],"aioseo_notices":[],"_links":{"self":[{"href":"https:\/\/www.hotelpausania.it\/pt-pt\/wp-json\/wp\/v2\/pages\/619","targetHints":{"allow":["GET"]}}],"collection":[{"href":"https:\/\/www.hotelpausania.it\/pt-pt\/wp-json\/wp\/v2\/pages"}],"about":[{"href":"https:\/\/www.hotelpausania.it\/pt-pt\/wp-json\/wp\/v2\/types\/page"}],"author":[{"embeddable":true,"href":"https:\/\/www.hotelpausania.it\/pt-pt\/wp-json\/wp\/v2\/users\/1"}],"replies":[{"embeddable":true,"href":"https:\/\/www.hotelpausania.it\/pt-pt\/wp-json\/wp\/v2\/comments?post=619"}],"version-history":[{"count":2,"href":"https:\/\/www.hotelpausania.it\/pt-pt\/wp-json\/wp\/v2\/pages\/619\/revisions"}],"predecessor-version":[{"id":629,"href":"https:\/\/www.hotelpausania.it\/pt-pt\/wp-json\/wp\/v2\/pages\/619\/revisions\/629"}],"wp:attachment":[{"href":"https:\/\/www.hotelpausania.it\/pt-pt\/wp-json\/wp\/v2\/media?parent=619"}],"curies":[{"name":"wp","href":"https:\/\/api.w.org\/{rel}","templated":true}]}}