{"id":632,"date":"2018-03-29T16:20:13","date_gmt":"2018-03-29T14:20:13","guid":{"rendered":"https:\/\/www.hotelpausania.it\/contatti\/"},"modified":"2022-02-21T00:23:35","modified_gmt":"2022-02-20T23:23:35","slug":"contatti","status":"publish","type":"page","link":"https:\/\/www.hotelpausania.it\/pt-pt\/contatti\/","title":{"rendered":"Contactos"},"content":{"rendered":"<div class=\"wpb-content-wrapper\"><p>[vc_row css_animation=&#8221;&#8221; row_type=&#8221;row&#8221; use_row_as_full_screen_section=&#8221;no&#8221; type=&#8221;full_width&#8221; angled_section=&#8221;no&#8221; text_align=&#8221;left&#8221; background_image_as_pattern=&#8221;without_pattern&#8221; z_index=&#8221;&#8221;][vc_column]\n\t\t\t<!-- START Contatti REVOLUTION SLIDER 6.6.18 --><p class=\"rs-p-wp-fix\"><\/p>\n\t\t\t<rs-module-wrap id=\"rev_slider_5_1_wrapper\" data-source=\"gallery\" style=\"visibility:hidden;background:transparent;padding:0;margin:0px auto;margin-top:0;margin-bottom:0;\">\n\t\t\t\t<rs-module id=\"rev_slider_5_1\" style=\"\" data-version=\"6.6.18\">\n\t\t\t\t\t<rs-slides style=\"overflow: hidden; position: absolute;\">\n\t\t\t\t\t\t<rs-slide style=\"position: absolute;\" data-key=\"rs-26\" data-title=\"Slide\" data-anim=\"adpr:false;\">\n\t\t\t\t\t\t\t<img decoding=\"async\" src=\"\/\/www.hotelpausania.it\/wp-content\/plugins\/revslider\/public\/assets\/assets\/dummy.png\" alt=\"\" title=\"Contactos\" class=\"rev-slidebg tp-rs-img rs-lazyload\" data-lazyload=\"\/\/www.hotelpausania.it\/wp-content\/uploads\/2018\/03\/slider-4.jpg\" data-no-retina>\n<!---->\t\t\t\t\t\t<\/rs-slide>\n\t\t\t\t\t<\/rs-slides>\n\t\t\t\t<\/rs-module>\n\t\t\t\t<script>\n\t\t\t\t\tsetREVStartSize({c: 'rev_slider_5_1',rl:[1240,1024,778,480],el:[],gw:[1240,1024,778,480],gh:[650,500,350,300],type:'standard',justify:'',layout:'fullwidth',mh:\"0\"});if (window.RS_MODULES!==undefined && window.RS_MODULES.modules!==undefined && window.RS_MODULES.modules[\"revslider51\"]!==undefined) {window.RS_MODULES.modules[\"revslider51\"].once = false;window.revapi5 = undefined;if (window.RS_MODULES.checkMinimal!==undefined) window.RS_MODULES.checkMinimal()}\n\t\t\t\t<\/script>\n\t\t\t<\/rs-module-wrap>\n\t\t\t<!-- END REVOLUTION SLIDER -->\n[\/vc_column][\/vc_row][vc_row css_animation=&#8221;&#8221; row_type=&#8221;row&#8221; use_row_as_full_screen_section=&#8221;no&#8221; type=&#8221;grid&#8221; angled_section=&#8221;no&#8221; text_align=&#8221;left&#8221; background_image_as_pattern=&#8221;without_pattern&#8221; padding_top=&#8221;50&#8243; z_index=&#8221;&#8221;][vc_column][vc_column_text]<\/p>\n<h1 style=\"text-align: center;\">Contactos<\/h1>\n<p>[\/vc_column_text][\/vc_column][\/vc_row][vc_row css_animation=&#8221;&#8221; row_type=&#8221;row&#8221; use_row_as_full_screen_section=&#8221;no&#8221; type=&#8221;grid&#8221; angled_section=&#8221;no&#8221; text_align=&#8221;left&#8221; background_image_as_pattern=&#8221;without_pattern&#8221; padding_top=&#8221;60&#8243; padding_bottom=&#8221;60&#8243; z_index=&#8221;&#8221;][vc_column width=&#8221;1\/4&#8243;]<span data-type=\"circle\" data-hover-bg-color=\"#ac9460\"  class=\"qode_icon_shortcode fa-stack q_font_awsome_icon_stack fa-3x pull-center \" style=\"font-size: 40px;font-size: 50px; \"><a  itemprop=\"url\" href=\"tel:+390415222083\" target=\"_self\"><i class=\"fa fa-circle fa-stack-base fa-stack-2x\" style=\"color: #ac9460;\"><\/i><i class=\"qode_icon_font_awesome fa fa-phone qode_icon_element fa-stack-1x\" style=\"font-size: 40px;color: #ffffff;\" ><\/i><\/a><\/span>[vc_empty_space height=&#8221;20px&#8221;][vc_column_text]<\/p>\n<h3 style=\"text-align: center;\">TELEFONE<\/h3>\n<p style=\"text-align: center; font-size: 16px;\"><a href=\"tel:+390415222083\">+39 041 52 22 083<\/a><\/p>\n<p>[\/vc_column_text][vc_empty_space height=&#8221;20px&#8221;][\/vc_column][vc_column width=&#8221;1\/4&#8243;]<span data-type=\"circle\" data-hover-bg-color=\"#ac9460\"  class=\"qode_icon_shortcode fa-stack q_font_awsome_icon_stack fa-3x pull-center \" style=\"font-size: 40px;font-size: 50px; \"><a  itemprop=\"url\" href=\"tel:+390415222989\" target=\"_self\"><i class=\"fa fa-circle fa-stack-base fa-stack-2x\" style=\"color: #ac9460;\"><\/i><i class=\"qode_icon_font_awesome fa fa-print qode_icon_element fa-stack-1x\" style=\"font-size: 40px;color: #ffffff;\" ><\/i><\/a><\/span>[vc_empty_space height=&#8221;20px&#8221;][vc_column_text]<\/p>\n<h3 style=\"text-align: center;\">FAX<\/h3>\n<p style=\"text-align: center; font-size: 16px;\"><a href=\"tel:+390415222989\">+39 041 52 22 989<\/a><\/p>\n<p>[\/vc_column_text][vc_empty_space height=&#8221;20px&#8221;][\/vc_column][vc_column width=&#8221;1\/4&#8243;]<span data-type=\"circle\" data-hover-bg-color=\"#ac9460\"  class=\"qode_icon_shortcode fa-stack q_font_awsome_icon_stack fa-3x pull-center \" style=\"font-size: 40px;font-size: 50px; \"><i class=\"fa fa-circle fa-stack-base fa-stack-2x\" style=\"color: #ac9460;\"><\/i><i class=\"qode_icon_font_awesome fa fa-home qode_icon_element fa-stack-1x\" style=\"font-size: 40px;color: #ffffff;\" ><\/i><\/span>[vc_empty_space height=&#8221;20px&#8221;][vc_column_text]<\/p>\n<h3 style=\"text-align: center;\">MORADA<\/h3>\n<p style=\"text-align: center; font-size: 16px;\">Dorsoduro, 2824<br \/>\n30123 &#8211; Veneza<br \/>\nIt\u00e1lia<\/p>\n<p>[\/vc_column_text][vc_empty_space height=&#8221;20px&#8221;][\/vc_column][vc_column width=&#8221;1\/4&#8243;]<span data-type=\"circle\" data-hover-bg-color=\"#ac9460\"  class=\"qode_icon_shortcode fa-stack q_font_awsome_icon_stack fa-3x pull-center \" style=\"font-size: 40px;font-size: 50px; \"><a  itemprop=\"url\" href=\"mailto:info@hotelpausania.it\" target=\"_self\"><i class=\"fa fa-circle fa-stack-base fa-stack-2x\" style=\"color: #ac9460;\"><\/i><i class=\"qode_icon_font_awesome fa fa-envelope qode_icon_element fa-stack-1x\" style=\"font-size: 40px;color: #ffffff;\" ><\/i><\/a><\/span>[vc_empty_space height=&#8221;20px&#8221;][vc_column_text]<\/p>\n<h3 style=\"text-align: center;\">E-MAIL<\/h3>\n<p style=\"text-align: center; font-size: 16px;\"><a href=\"mailto:info@hotelpausania.it\">info@hotelpausania.it<\/a><\/p>\n<p>[\/vc_column_text][vc_empty_space height=&#8221;20px&#8221;][\/vc_column][\/vc_row][vc_row css_animation=&#8221;&#8221; row_type=&#8221;row&#8221; use_row_as_full_screen_section=&#8221;no&#8221; type=&#8221;grid&#8221; angled_section=&#8221;no&#8221; text_align=&#8221;left&#8221; background_image_as_pattern=&#8221;without_pattern&#8221; background_color=&#8221;#efefef&#8221; padding_top=&#8221;60&#8243; padding_bottom=&#8221;60&#8243; z_index=&#8221;&#8221;][vc_column width=&#8221;1\/6&#8243;][vc_empty_space][\/vc_column][vc_column width=&#8221;2\/3&#8243;][vc_column_text]<\/p>\n<h3 style=\"text-align: center;\">PREENCHA O FORMUL\u00c1RIO PARA PEDIR INFORMA\u00c7\u00d5ES.<\/h3>\n<p style=\"text-align: center;\">Responderemos o mais depressa poss\u00edvel!<\/p>\n<p>[\/vc_column_text][vc_empty_space]<div role=\"form\" class=\"wpcf7\" id=\"wpcf7-f635-o1\" lang=\"it-IT\" dir=\"ltr\">\n<div class=\"screen-reader-response\"><p role=\"status\" aria-live=\"polite\" aria-atomic=\"true\"><\/p> <ul><\/ul><\/div>\n<form action=\"\/pt-pt\/wp-json\/wp\/v2\/pages\/632#wpcf7-f635-o1\" method=\"post\" class=\"wpcf7-form init default\" novalidate=\"novalidate\" data-status=\"init\">\n<div style=\"display: none;\">\n<input type=\"hidden\" name=\"_wpcf7\" value=\"635\" \/>\n<input type=\"hidden\" name=\"_wpcf7_version\" value=\"5.5.3\" \/>\n<input type=\"hidden\" name=\"_wpcf7_locale\" value=\"it_IT\" \/>\n<input type=\"hidden\" name=\"_wpcf7_unit_tag\" value=\"wpcf7-f635-o1\" \/>\n<input type=\"hidden\" name=\"_wpcf7_container_post\" value=\"0\" \/>\n<input type=\"hidden\" name=\"_wpcf7_posted_data_hash\" value=\"\" \/>\n<\/div>\n<p><label> O seu nome (obrigat\u00f3rio)<br \/>\n    <span class=\"wpcf7-form-control-wrap your-name\"><input type=\"text\" name=\"your-name\" value=\"\" size=\"40\" class=\"wpcf7-form-control wpcf7-text wpcf7-validates-as-required\" aria-required=\"true\" aria-invalid=\"false\" \/><\/span> <\/label><\/p>\n<p><label>E-mail (obrigat\u00f3rio)<br \/>\n    <span class=\"wpcf7-form-control-wrap your-email\"><input type=\"email\" name=\"your-email\" value=\"\" size=\"40\" class=\"wpcf7-form-control wpcf7-text wpcf7-email wpcf7-validates-as-required wpcf7-validates-as-email\" aria-required=\"true\" aria-invalid=\"false\" \/><\/span> <\/label><\/p>\n<p><label> Assunto<br \/>\n    <span class=\"wpcf7-form-control-wrap your-subject\"><input type=\"text\" name=\"your-subject\" value=\"\" size=\"40\" class=\"wpcf7-form-control wpcf7-text\" aria-invalid=\"false\" \/><\/span> <\/label><\/p>\n<p><label>A sua mensagem<br \/>\n    <span class=\"wpcf7-form-control-wrap your-message\"><textarea name=\"your-message\" cols=\"40\" rows=\"10\" class=\"wpcf7-form-control wpcf7-textarea\" aria-invalid=\"false\"><\/textarea><\/span> <\/label><\/p>\n<p>Informamos que os dados que fornecer ser\u00e3o tratados eletronicamente em conformidade com os princ\u00edpios estabelecidos pela legisla\u00e7\u00e3o em vigor sobre prote\u00e7\u00e3o de dados (Regulamento UE n.\u00ba 679 de 2016), com o \u00fanico objetivo de lhe fornecer as informa\u00e7\u00f5es solicitadas e, eventualmente, para definir\/confirmar a reserva de quartos e outros servi\u00e7os. A informa\u00e7\u00e3o completa sobre os m\u00e9todos e finalidades dos tratamentos realizados est\u00e1 acess\u00edvel atrav\u00e9s do seguinte link: Pol\u00edtica de Privacidade.<br \/>\nSe estiver interessado em receber futuramente no seu e-mail  a nossa newsletter\/informa\u00e7\u00e3o peri\u00f3dica sobre as nossas tarifas e ofertas especiais, dever\u00e1 dar-nos o devido consentimento. No entanto, poder\u00e1 posteriormente, a qualquer momento, revogar esse consentimento, conforme indicado nas informa\u00e7\u00f5es.<\/p>\n<p><span class=\"wpcf7-form-control-wrap acceptance-682\"><span class=\"wpcf7-form-control wpcf7-acceptance\"><span class=\"wpcf7-list-item\"><label><input type=\"checkbox\" name=\"acceptance-682\" value=\"1\" aria-invalid=\"false\" \/><span class=\"wpcf7-list-item-label\">tomei conhecimento das informa\u00e7\u00f5es sobre o tratamento de dados pessoais<\/span><\/label><\/span><\/span><\/span><br \/>\n<span class=\"wpcf7-form-control-wrap checkbox-863\"><span class=\"wpcf7-form-control wpcf7-checkbox\"><span class=\"wpcf7-list-item first last\"><label><input type=\"checkbox\" name=\"checkbox-863[]\" value=\"autorizo o envio da newsletter e de documenta\u00e7\u00e3o peri\u00f3dica sobre as tarifas e ofertas em vigor para o e-mail indicado\" \/><span class=\"wpcf7-list-item-label\">autorizo o envio da newsletter e de documenta\u00e7\u00e3o peri\u00f3dica sobre as tarifas e ofertas em vigor para o e-mail indicado<\/span><\/label><\/span><\/span><\/span><\/p>\n<p><input type=\"submit\" value=\"ENVIAR\" class=\"wpcf7-form-control has-spinner wpcf7-submit\" \/><\/p>\n<div class=\"wpcf7-response-output\" aria-hidden=\"true\"><\/div><\/form><\/div>[\/vc_column][vc_column width=&#8221;1\/6&#8243;][vc_empty_space][\/vc_column][\/vc_row]<\/p>\n<\/div>","protected":false},"excerpt":{"rendered":"<p>[vc_row css_animation=&#8221;&#8221; row_type=&#8221;row&#8221; use_row_as_full_screen_section=&#8221;no&#8221; type=&#8221;full_width&#8221; angled_section=&#8221;no&#8221; text_align=&#8221;left&#8221; background_image_as_pattern=&#8221;without_pattern&#8221; z_index=&#8221;&#8221;][vc_column][\/vc_column][\/vc_row][vc_row css_animation=&#8221;&#8221; row_type=&#8221;row&#8221; use_row_as_full_screen_section=&#8221;no&#8221; type=&#8221;grid&#8221; angled_section=&#8221;no&#8221; text_align=&#8221;left&#8221; background_image_as_pattern=&#8221;without_pattern&#8221; padding_top=&#8221;50&#8243; z_index=&#8221;&#8221;][vc_column][vc_column_text] Contactos [\/vc_column_text][\/vc_column][\/vc_row][vc_row css_animation=&#8221;&#8221; row_type=&#8221;row&#8221; use_row_as_full_screen_section=&#8221;no&#8221; type=&#8221;grid&#8221; angled_section=&#8221;no&#8221; text_align=&#8221;left&#8221; background_image_as_pattern=&#8221;without_pattern&#8221; padding_top=&#8221;60&#8243; padding_bottom=&#8221;60&#8243; z_index=&#8221;&#8221;][vc_column width=&#8221;1\/4&#8243;][vc_empty_space height=&#8221;20px&#8221;][vc_column_text] TELEFONE +39 041 52 22 083 [\/vc_column_text][vc_empty_space height=&#8221;20px&#8221;][\/vc_column][vc_column width=&#8221;1\/4&#8243;][vc_empty_space height=&#8221;20px&#8221;][vc_column_text] FAX +39 041&#8230;<\/p>\n","protected":false},"author":1,"featured_media":0,"parent":0,"menu_order":0,"comment_status":"closed","ping_status":"closed","template":"full_width.php","meta":{"footnotes":""},"class_list":["post-632","page","type-page","status-publish","hentry"],"aioseo_notices":[],"_links":{"self":[{"href":"https:\/\/www.hotelpausania.it\/pt-pt\/wp-json\/wp\/v2\/pages\/632","targetHints":{"allow":["GET"]}}],"collection":[{"href":"https:\/\/www.hotelpausania.it\/pt-pt\/wp-json\/wp\/v2\/pages"}],"about":[{"href":"https:\/\/www.hotelpausania.it\/pt-pt\/wp-json\/wp\/v2\/types\/page"}],"author":[{"embeddable":true,"href":"https:\/\/www.hotelpausania.it\/pt-pt\/wp-json\/wp\/v2\/users\/1"}],"replies":[{"embeddable":true,"href":"https:\/\/www.hotelpausania.it\/pt-pt\/wp-json\/wp\/v2\/comments?post=632"}],"version-history":[{"count":2,"href":"https:\/\/www.hotelpausania.it\/pt-pt\/wp-json\/wp\/v2\/pages\/632\/revisions"}],"predecessor-version":[{"id":645,"href":"https:\/\/www.hotelpausania.it\/pt-pt\/wp-json\/wp\/v2\/pages\/632\/revisions\/645"}],"wp:attachment":[{"href":"https:\/\/www.hotelpausania.it\/pt-pt\/wp-json\/wp\/v2\/media?parent=632"}],"curies":[{"name":"wp","href":"https:\/\/api.w.org\/{rel}","templated":true}]}}